{"id":22,"date":"2021-01-04T00:27:23","date_gmt":"2021-01-04T00:27:23","guid":{"rendered":"https:\/\/zonerecreatif.com\/scooter\/?page_id=22"},"modified":"2026-03-25T17:48:33","modified_gmt":"2026-03-25T17:48:33","slug":"accueil","status":"publish","type":"page","link":"https:\/\/zonerecreatif.com\/scooter\/","title":{"rendered":"Accueil"},"content":{"rendered":"\t\t<div data-elementor-type=\"wp-page\" data-elementor-id=\"22\" class=\"elementor elementor-22\">\n\t\t\t\t\t\t\t\t\t<section class=\"elementor-section elementor-top-section elementor-element elementor-element-106f878 elementor-section-height-min-height elementor-section-boxed elementor-section-height-default elementor-section-items-middle\" data-id=\"106f878\" data-element_type=\"section\" data-settings=\"{&quot;background_background&quot;:&quot;classic&quot;}\">\n\t\t\t\t\t\t<div class=\"elementor-container elementor-column-gap-default\">\n\t\t\t\t\t<div class=\"elementor-column elementor-col-100 elementor-top-column elementor-element elementor-element-c4505c0\" data-id=\"c4505c0\" data-element_type=\"column\">\n\t\t\t<div class=\"elementor-widget-wrap\">\n\t\t\t\t\t\t\t\t\t<\/div>\n\t\t<\/div>\n\t\t\t\t\t\t\t<\/div>\n\t\t<\/section>\n\t\t\t\t<section class=\"elementor-section elementor-top-section elementor-element elementor-element-311c345 elementor-section-boxed elementor-section-height-default elementor-section-height-default\" data-id=\"311c345\" data-element_type=\"section\" data-settings=\"{&quot;background_background&quot;:&quot;classic&quot;}\">\n\t\t\t\t\t\t<div class=\"elementor-container elementor-column-gap-default\">\n\t\t\t\t\t<div class=\"elementor-column elementor-col-100 elementor-top-column elementor-element elementor-element-968746e\" data-id=\"968746e\" data-element_type=\"column\">\n\t\t\t<div class=\"elementor-widget-wrap elementor-element-populated\">\n\t\t\t\t\t\t\t\t<div class=\"elementor-element elementor-element-8a44d3e elementor-widget elementor-widget-spacer\" data-id=\"8a44d3e\" data-element_type=\"widget\" data-widget_type=\"spacer.default\">\n\t\t\t\t<div class=\"elementor-widget-container\">\n\t\t\t\t\t<div class=\"elementor-spacer\">\n\t\t\t<div class=\"elementor-spacer-inner\"><\/div>\n\t\t<\/div>\n\t\t\t\t<\/div>\n\t\t\t\t<\/div>\n\t\t\t\t<div class=\"elementor-element elementor-element-975bb53 elementor-widget elementor-widget-heading\" data-id=\"975bb53\" data-element_type=\"widget\" data-widget_type=\"heading.default\">\n\t\t\t\t<div class=\"elementor-widget-container\">\n\t\t\t<h2 class=\"elementor-heading-title elementor-size-default\">D\u00e9couvrez nos scooters!<\/h2>\t\t<\/div>\n\t\t\t\t<\/div>\n\t\t\t\t<div class=\"elementor-element elementor-element-5366180 elementor-widget elementor-widget-heading\" data-id=\"5366180\" data-element_type=\"widget\" data-widget_type=\"heading.default\">\n\t\t\t\t<div class=\"elementor-widget-container\">\n\t\t\t<h2 class=\"elementor-heading-title elementor-size-default\">Roulez plus loin, plus vite et en toute libert\u00e9 <br>en scooter \u00e9lectrique ou en scooter \u00e0 essence<\/h2>\t\t<\/div>\n\t\t\t\t<\/div>\n\t\t\t\t<div class=\"elementor-element elementor-element-5b445ac elementor-widget elementor-widget-spacer\" data-id=\"5b445ac\" data-element_type=\"widget\" data-widget_type=\"spacer.default\">\n\t\t\t\t<div class=\"elementor-widget-container\">\n\t\t\t\t\t<div class=\"elementor-spacer\">\n\t\t\t<div class=\"elementor-spacer-inner\"><\/div>\n\t\t<\/div>\n\t\t\t\t<\/div>\n\t\t\t\t<\/div>\n\t\t\t\t<section class=\"elementor-section elementor-inner-section elementor-element elementor-element-a11cb74 elementor-section-boxed elementor-section-height-default elementor-section-height-default\" data-id=\"a11cb74\" data-element_type=\"section\">\n\t\t\t\t\t\t<div class=\"elementor-container elementor-column-gap-default\">\n\t\t\t\t\t<div class=\"elementor-column elementor-col-50 elementor-inner-column elementor-element elementor-element-d0d7b72\" data-id=\"d0d7b72\" data-element_type=\"column\">\n\t\t\t<div class=\"elementor-widget-wrap elementor-element-populated\">\n\t\t\t\t\t\t\t\t<div class=\"elementor-element elementor-element-a3389a4 elementor-widget elementor-widget-heading\" data-id=\"a3389a4\" data-element_type=\"widget\" data-widget_type=\"heading.default\">\n\t\t\t\t<div class=\"elementor-widget-container\">\n\t\t\t<h2 class=\"elementor-heading-title elementor-size-default\">Les scooters \u00e0 essence<\/h2>\t\t<\/div>\n\t\t\t\t<\/div>\n\t\t\t\t<div class=\"elementor-element elementor-element-5ff4a28 elementor-skin-carousel elementor-arrows-yes elementor-pagination-type-bullets elementor-pagination-position-outside elementor-widget elementor-widget-media-carousel\" data-id=\"5ff4a28\" data-element_type=\"widget\" data-settings=\"{&quot;skin&quot;:&quot;carousel&quot;,&quot;effect&quot;:&quot;slide&quot;,&quot;show_arrows&quot;:&quot;yes&quot;,&quot;pagination&quot;:&quot;bullets&quot;,&quot;speed&quot;:500,&quot;autoplay&quot;:&quot;yes&quot;,&quot;autoplay_speed&quot;:5000,&quot;loop&quot;:&quot;yes&quot;,&quot;pause_on_hover&quot;:&quot;yes&quot;,&quot;pause_on_interaction&quot;:&quot;yes&quot;,&quot;space_between&quot;:{&quot;unit&quot;:&quot;px&quot;,&quot;size&quot;:10,&quot;sizes&quot;:[]},&quot;space_between_tablet&quot;:{&quot;unit&quot;:&quot;px&quot;,&quot;size&quot;:10,&quot;sizes&quot;:[]},&quot;space_between_mobile&quot;:{&quot;unit&quot;:&quot;px&quot;,&quot;size&quot;:10,&quot;sizes&quot;:[]}}\" data-widget_type=\"media-carousel.default\">\n\t\t\t\t<div class=\"elementor-widget-container\">\n\t\t\t\t\t<div class=\"elementor-swiper\">\n\t\t\t<div class=\"elementor-main-swiper swiper-container\">\n\t\t\t\t<div class=\"swiper-wrapper\">\n\t\t\t\t\t\t\t\t\t\t\t<div class=\"swiper-slide\">\n\t\t\t\t\t\t\t\t\t<div class=\"elementor-carousel-image\" style=\"background-image: url(&#039;https:\/\/zonerecreatif.com\/scooter\/wp-content\/uploads\/sites\/2\/2025\/03\/scooter-bistro-50-scootterre.jpg&#039;)\">\n\n\t\t\t\n\t\t\t\t\t<\/div>\n\t\t\t\t\t\t\t\t<\/div>\n\t\t\t\t\t\t\t\t\t\t\t<div class=\"swiper-slide\">\n\t\t\t\t\t\t\t\t\t<div class=\"elementor-carousel-image\" style=\"background-image: url(&#039;https:\/\/zonerecreatif.com\/scooter\/wp-content\/uploads\/sites\/2\/2025\/03\/scooter-ar-50-scootterre-motoscooter-6.jpeg&#039;)\">\n\n\t\t\t\n\t\t\t\t\t<\/div>\n\t\t\t\t\t\t\t\t<\/div>\n\t\t\t\t\t\t\t\t\t\t\t<div class=\"swiper-slide\">\n\t\t\t\t\t\t\t\t\t<div class=\"elementor-carousel-image\" style=\"background-image: url(&#039;https:\/\/zonerecreatif.com\/scooter\/wp-content\/uploads\/sites\/2\/2025\/03\/scooter-nostalgia-50-scootterre-4.jpeg&#039;)\">\n\n\t\t\t\n\t\t\t\t\t<\/div>\n\t\t\t\t\t\t\t\t<\/div>\n\t\t\t\t\t\t\t\t\t\t\t<div class=\"swiper-slide\">\n\t\t\t\t\t\t\t\t\t<div class=\"elementor-carousel-image\" style=\"background-image: url(&#039;https:\/\/zonerecreatif.com\/scooter\/wp-content\/uploads\/sites\/2\/2025\/03\/scooter-portofino-50-scootterre.jpeg&#039;)\">\n\n\t\t\t\n\t\t\t\t\t<\/div>\n\t\t\t\t\t\t\t\t<\/div>\n\t\t\t\t\t\t\t\t\t\t\t<div class=\"swiper-slide\">\n\t\t\t\t\t\t\t\t\t<div class=\"elementor-carousel-image\" style=\"background-image: url(&#039;https:\/\/zonerecreatif.com\/scooter\/wp-content\/uploads\/sites\/2\/2025\/03\/scooter-rebel-scootterre-3.jpeg&#039;)\">\n\n\t\t\t\n\t\t\t\t\t<\/div>\n\t\t\t\t\t\t\t\t<\/div>\n\t\t\t\t\t\t\t\t\t\t\t<div class=\"swiper-slide\">\n\t\t\t\t\t\t\t\t\t<div class=\"elementor-carousel-image\" style=\"background-image: url(&#039;https:\/\/zonerecreatif.com\/scooter\/wp-content\/uploads\/sites\/2\/2025\/03\/scooter-voyageur-urbain-scooterre.jpg&#039;)\">\n\n\t\t\t\n\t\t\t\t\t<\/div>\n\t\t\t\t\t\t\t\t<\/div>\n\t\t\t\t\t\t\t\t\t\t\t<div class=\"swiper-slide\">\n\t\t\t\t\t\t\t\t\t<div class=\"elementor-carousel-image\" style=\"background-image: url(&#039;https:\/\/zonerecreatif.com\/scooter\/wp-content\/uploads\/sites\/2\/2026\/03\/scooter-aventura-50-scootterre-gaz-1.jpg&#039;)\">\n\n\t\t\t\n\t\t\t\t\t<\/div>\n\t\t\t\t\t\t\t\t<\/div>\n\t\t\t\t\t\t\t\t\t\t\t<div class=\"swiper-slide\">\n\t\t\t\t\t\t\t\t\t<div class=\"elementor-carousel-image\" style=\"background-image: url(&#039;https:\/\/zonerecreatif.com\/scooter\/wp-content\/uploads\/sites\/2\/2026\/03\/scooter-joker-50-gaz-scootterre-4.jpg&#039;)\">\n\n\t\t\t\n\t\t\t\t\t<\/div>\n\t\t\t\t\t\t\t\t<\/div>\n\t\t\t\t\t\t\t\t\t\t\t<div class=\"swiper-slide\">\n\t\t\t\t\t\t\t\t\t<div class=\"elementor-carousel-image\" style=\"background-image: url(&#039;https:\/\/zonerecreatif.com\/scooter\/wp-content\/uploads\/sites\/2\/2026\/03\/scooter-amore-50-scootterre-2.jpg&#039;)\">\n\n\t\t\t\n\t\t\t\t\t<\/div>\n\t\t\t\t\t\t\t\t<\/div>\n\t\t\t\t\t\t\t\t\t<\/div>\n\t\t\t\t\t\t\t\t\t\t\t\t\t\t\t<div class=\"swiper-pagination\"><\/div>\n\t\t\t\t\t\t\t\t\t\t\t\t\t\t\t\t<div class=\"elementor-swiper-button elementor-swiper-button-prev\">\n\t\t\t\t\t\t\t<i aria-hidden=\"true\" class=\"eicon-chevron-left\"><\/i>\t\t\t\t\t\t\t<span class=\"elementor-screen-only\">Pr\u00e9c\u00e9dent<\/span>\n\t\t\t\t\t\t<\/div>\n\t\t\t\t\t\t<div class=\"elementor-swiper-button elementor-swiper-button-next\">\n\t\t\t\t\t\t\t<i aria-hidden=\"true\" class=\"eicon-chevron-right\"><\/i>\t\t\t\t\t\t\t<span class=\"elementor-screen-only\">Suivant<\/span>\n\t\t\t\t\t\t<\/div>\n\t\t\t\t\t\t\t\t\t\t\t\t<\/div>\n\t\t<\/div>\n\t\t\t\t<\/div>\n\t\t\t\t<\/div>\n\t\t\t\t\t<\/div>\n\t\t<\/div>\n\t\t\t\t<div class=\"elementor-column elementor-col-50 elementor-inner-column elementor-element elementor-element-12e27da\" data-id=\"12e27da\" data-element_type=\"column\">\n\t\t\t<div class=\"elementor-widget-wrap elementor-element-populated\">\n\t\t\t\t\t\t\t\t<div class=\"elementor-element elementor-element-8112fe5 elementor-widget elementor-widget-heading\" data-id=\"8112fe5\" data-element_type=\"widget\" data-widget_type=\"heading.default\">\n\t\t\t\t<div class=\"elementor-widget-container\">\n\t\t\t<h2 class=\"elementor-heading-title elementor-size-default\">Les scooters \u00e9lectriques<\/h2>\t\t<\/div>\n\t\t\t\t<\/div>\n\t\t\t\t<div class=\"elementor-element elementor-element-6b7419d elementor-skin-carousel elementor-arrows-yes elementor-pagination-type-bullets elementor-pagination-position-outside elementor-widget elementor-widget-media-carousel\" data-id=\"6b7419d\" data-element_type=\"widget\" data-settings=\"{&quot;slides_per_view&quot;:&quot;3&quot;,&quot;skin&quot;:&quot;carousel&quot;,&quot;effect&quot;:&quot;slide&quot;,&quot;show_arrows&quot;:&quot;yes&quot;,&quot;pagination&quot;:&quot;bullets&quot;,&quot;speed&quot;:500,&quot;autoplay&quot;:&quot;yes&quot;,&quot;autoplay_speed&quot;:5000,&quot;loop&quot;:&quot;yes&quot;,&quot;pause_on_hover&quot;:&quot;yes&quot;,&quot;pause_on_interaction&quot;:&quot;yes&quot;,&quot;space_between&quot;:{&quot;unit&quot;:&quot;px&quot;,&quot;size&quot;:10,&quot;sizes&quot;:[]},&quot;space_between_tablet&quot;:{&quot;unit&quot;:&quot;px&quot;,&quot;size&quot;:10,&quot;sizes&quot;:[]},&quot;space_between_mobile&quot;:{&quot;unit&quot;:&quot;px&quot;,&quot;size&quot;:10,&quot;sizes&quot;:[]}}\" data-widget_type=\"media-carousel.default\">\n\t\t\t\t<div class=\"elementor-widget-container\">\n\t\t\t\t\t<div class=\"elementor-swiper\">\n\t\t\t<div class=\"elementor-main-swiper swiper-container\">\n\t\t\t\t<div class=\"swiper-wrapper\">\n\t\t\t\t\t\t\t\t\t\t\t<div class=\"swiper-slide\">\n\t\t\t\t\t\t\t\t\t<div class=\"elementor-carousel-image\" style=\"background-image: url(&#039;https:\/\/zonerecreatif.com\/scooter\/wp-content\/uploads\/sites\/2\/2025\/03\/scooter-electrique-gio-g2000-1.jpg&#039;)\">\n\n\t\t\t\n\t\t\t\t\t<\/div>\n\t\t\t\t\t\t\t\t<\/div>\n\t\t\t\t\t\t\t\t\t\t\t<div class=\"swiper-slide\">\n\t\t\t\t\t\t\t\t\t<div class=\"elementor-carousel-image\" style=\"background-image: url(&#039;https:\/\/zonerecreatif.com\/scooter\/wp-content\/uploads\/sites\/2\/2025\/03\/scooter-electrique-gio-supra.jpg&#039;)\">\n\n\t\t\t\n\t\t\t\t\t<\/div>\n\t\t\t\t\t\t\t\t<\/div>\n\t\t\t\t\t\t\t\t\t\t\t<div class=\"swiper-slide\">\n\t\t\t\t\t\t\t\t\t<div class=\"elementor-carousel-image\" style=\"background-image: url(&#039;https:\/\/zonerecreatif.com\/scooter\/wp-content\/uploads\/sites\/2\/2025\/03\/scooter-electrique-cobra-5.jpg&#039;)\">\n\n\t\t\t\n\t\t\t\t\t<\/div>\n\t\t\t\t\t\t\t\t<\/div>\n\t\t\t\t\t\t\t\t\t\t\t<div class=\"swiper-slide\">\n\t\t\t\t\t\t\t\t\t<div class=\"elementor-carousel-image\" style=\"background-image: url(&#039;https:\/\/zonerecreatif.com\/scooter\/wp-content\/uploads\/sites\/2\/2025\/03\/scooter-electrique-cobra-1.jpg&#039;)\">\n\n\t\t\t\n\t\t\t\t\t<\/div>\n\t\t\t\t\t\t\t\t<\/div>\n\t\t\t\t\t\t\t\t\t\t\t<div class=\"swiper-slide\">\n\t\t\t\t\t\t\t\t\t<div class=\"elementor-carousel-image\" style=\"background-image: url(&#039;https:\/\/zonerecreatif.com\/scooter\/wp-content\/uploads\/sites\/2\/2025\/03\/scooter-electrique-gio-g2000.jpg&#039;)\">\n\n\t\t\t\n\t\t\t\t\t<\/div>\n\t\t\t\t\t\t\t\t<\/div>\n\t\t\t\t\t\t\t\t\t\t\t<div class=\"swiper-slide\">\n\t\t\t\t\t\t\t\t\t<div class=\"elementor-carousel-image\" style=\"background-image: url(&#039;https:\/\/zonerecreatif.com\/scooter\/wp-content\/uploads\/sites\/2\/2025\/03\/scooter-electrique-supra-gio.jpg&#039;)\">\n\n\t\t\t\n\t\t\t\t\t<\/div>\n\t\t\t\t\t\t\t\t<\/div>\n\t\t\t\t\t\t\t\t\t<\/div>\n\t\t\t\t\t\t\t\t\t\t\t\t\t\t\t<div class=\"swiper-pagination\"><\/div>\n\t\t\t\t\t\t\t\t\t\t\t\t\t\t\t\t<div class=\"elementor-swiper-button elementor-swiper-button-prev\">\n\t\t\t\t\t\t\t<i aria-hidden=\"true\" class=\"eicon-chevron-left\"><\/i>\t\t\t\t\t\t\t<span class=\"elementor-screen-only\">Pr\u00e9c\u00e9dent<\/span>\n\t\t\t\t\t\t<\/div>\n\t\t\t\t\t\t<div class=\"elementor-swiper-button elementor-swiper-button-next\">\n\t\t\t\t\t\t\t<i aria-hidden=\"true\" class=\"eicon-chevron-right\"><\/i>\t\t\t\t\t\t\t<span class=\"elementor-screen-only\">Suivant<\/span>\n\t\t\t\t\t\t<\/div>\n\t\t\t\t\t\t\t\t\t\t\t\t<\/div>\n\t\t<\/div>\n\t\t\t\t<\/div>\n\t\t\t\t<\/div>\n\t\t\t\t\t<\/div>\n\t\t<\/div>\n\t\t\t\t\t\t\t<\/div>\n\t\t<\/section>\n\t\t\t\t\t<\/div>\n\t\t<\/div>\n\t\t\t\t\t\t\t<\/div>\n\t\t<\/section>\n\t\t\t\t<section class=\"elementor-section elementor-top-section elementor-element elementor-element-3f3734f elementor-section-boxed elementor-section-height-default elementor-section-height-default\" data-id=\"3f3734f\" data-element_type=\"section\" data-settings=\"{&quot;background_background&quot;:&quot;classic&quot;}\">\n\t\t\t\t\t\t<div class=\"elementor-container elementor-column-gap-default\">\n\t\t\t\t\t<div class=\"elementor-column elementor-col-100 elementor-top-column elementor-element elementor-element-35b4bdb\" data-id=\"35b4bdb\" data-element_type=\"column\">\n\t\t\t<div class=\"elementor-widget-wrap elementor-element-populated\">\n\t\t\t\t\t\t\t\t<div class=\"elementor-element elementor-element-d32bb24 elementor-widget elementor-widget-heading\" data-id=\"d32bb24\" data-element_type=\"widget\" data-widget_type=\"heading.default\">\n\t\t\t\t<div class=\"elementor-widget-container\">\n\t\t\t<h2 class=\"elementor-heading-title elementor-size-default\">Comment choisir...<\/h2>\t\t<\/div>\n\t\t\t\t<\/div>\n\t\t\t\t<div class=\"elementor-element elementor-element-e4baeb7 elementor-widget elementor-widget-heading\" data-id=\"e4baeb7\" data-element_type=\"widget\" data-widget_type=\"heading.default\">\n\t\t\t\t<div class=\"elementor-widget-container\">\n\t\t\t<h2 class=\"elementor-heading-title elementor-size-default\">un scooter \u00e9lectrique, ou \u00e0 essence ?<\/h2>\t\t<\/div>\n\t\t\t\t<\/div>\n\t\t\t\t<div class=\"elementor-element elementor-element-bef53fc elementor-widget elementor-widget-text-editor\" data-id=\"bef53fc\" data-element_type=\"widget\" data-widget_type=\"text-editor.default\">\n\t\t\t\t<div class=\"elementor-widget-container\">\n\t\t\t\t\t\t\t<p><strong>Choisir son scooter d\u00e9pend de plusieurs facteurs tels que l&rsquo;usage pr\u00e9vu, le budget, les pr\u00e9f\u00e9rences personnelles et les sp\u00e9cifications techniques.<\/strong><\/p><p>Voici quelques \u00e9tapes et conseils pour vous aider \u00e0 faire un choix \u00e9clair\u00e9 lors de l\u2019achat de votre scooter.<\/p><p><strong>D\u00e9finissez votre besoin<\/strong><\/p><ul><li>Usage quotidien ou occasionnel? Si vous pr\u00e9voyez de l&rsquo;utiliser quotidiennement pour aller au travail ou \u00e0 l&rsquo;\u00e9cole, vous aurez besoin d&rsquo;un scooter fiable et durable.<\/li><li>Distance \u00e0 parcourir : Pour de courts trajets en ville, un scooter de 50 cc pourrait suffire. Pour de plus longues distances, envisagez un moteur de 125 cc ou plus. Passager : Si vous pr\u00e9voyez d&rsquo;avoir r\u00e9guli\u00e8rement un passager, assurez-vous que le scooter est con\u00e7u pour cela.<\/li><\/ul><p>\u00a0<\/p><p><strong>Budget<\/strong><\/p><ul><li>N&rsquo;oubliez pas d&rsquo;inclure dans votre budget non seulement le prix d&rsquo;achat, mais aussi l&rsquo;assurance, l&rsquo;entretien, l&rsquo;\u00e9quipement de s\u00e9curit\u00e9 (casque, gants, etc.), et le carburant ou les co\u00fbts d&rsquo;\u00e9lectricit\u00e9 pour un scooter \u00e9lectrique.<\/li><\/ul><p>\u00a0<\/p><p><strong>Type de scooter<\/strong><\/p><ul><li>Scooter \u00e0 essence : Plus courant, offre g\u00e9n\u00e9ralement une plus grande autonomie et peut \u00eatre ravitaill\u00e9 rapidement.<\/li><li>Scooter \u00e9lectrique : Plus \u00e9cologique, souvent plus silencieux, et peut offrir des co\u00fbts d&rsquo;exploitation plus bas, mais n\u00e9cessite des temps de recharge et a g\u00e9n\u00e9ralement une moindre autonomie.<\/li><\/ul><p>\u00a0<\/p><p><strong>Taille et puissance du moteur<\/strong><\/p><ul><li>50 cc : Id\u00e9al pour les d\u00e9butants, les jeunes conducteurs ou ceux qui ne veulent parcourir que de courtes distances en ville.<\/li><li>125 cc et plus : Convient pour les trajets plus longs, la conduite sur des routes \u00e0 grande vitesse, ou si vous souhaitez transporter un passager.<\/li><\/ul><p>\u00a0<\/p><p><strong>Caract\u00e9ristiques techniques<\/strong><\/p><ul><li>V\u00e9rifiez la capacit\u00e9 du r\u00e9servoir, la consommation, le type de freinage (ABS ou non), la capacit\u00e9 du coffre (si existant), etc.<\/li><\/ul><p>\u00a0<\/p><p><strong>Marque et mod\u00e8le<\/strong><strong>\u00a0<\/strong><\/p><ul><li>Certaines marques sont r\u00e9put\u00e9es pour leur fiabilit\u00e9, leur long\u00e9vit\u00e9 et la disponibilit\u00e9 des pi\u00e8ces d\u00e9tach\u00e9es. Faites des recherches et lisez des avis en ligne.<\/li><\/ul><p>\u00a0<\/p><p><strong>Essai<\/strong><\/p><ul><li>Si possible, faites un essai routier pour vous assurer que le scooter est confortable et r\u00e9pond \u00e0 vos attentes.<\/li><\/ul><p>\u00a0<\/p><p><strong>Assurance et r\u00e9glementation<\/strong><\/p><ul><li>Assurez-vous de conna\u00eetre les exigences l\u00e9gales de votre pays ou r\u00e9gion concernant l&rsquo;assurance, l&rsquo;enregistrement et le permis de conduire pour le type de scooter que vous envisagez d&rsquo;acheter.<br \/><br \/><\/li><\/ul><p>N&rsquo;oubliez pas que la s\u00e9curit\u00e9 doit toujours \u00eatre une priorit\u00e9. Investissez dans un bon casque, un \u00e9quipement de protection et suivez toujours le code de la route.<\/p>\t\t\t\t\t\t<\/div>\n\t\t\t\t<\/div>\n\t\t\t\t\t<\/div>\n\t\t<\/div>\n\t\t\t\t\t\t\t<\/div>\n\t\t<\/section>\n\t\t\t\t\t\t\t<\/div>\n\t\t","protected":false},"excerpt":{"rendered":"<p>D\u00e9couvrez nos scooters! Roulez plus loin, plus vite et en toute libert\u00e9 en scooter \u00e9lectrique ou en scooter \u00e0 essence Les scooters \u00e0 essence Pr\u00e9c\u00e9dent Suivant Les scooters \u00e9lectriques Pr\u00e9c\u00e9dent Suivant Comment choisir&#8230; un scooter \u00e9lectrique, ou \u00e0 essence ? Choisir son scooter d\u00e9pend de plusieurs facteurs tels que l&rsquo;usage pr\u00e9vu, le budget, les pr\u00e9f\u00e9rences [&hellip;]<\/p>\n","protected":false},"author":1,"featured_media":0,"parent":0,"menu_order":0,"comment_status":"closed","ping_status":"closed","template":"elementor_header_footer","meta":{"footnotes":""},"_links":{"self":[{"href":"https:\/\/zonerecreatif.com\/scooter\/wp-json\/wp\/v2\/pages\/22"}],"collection":[{"href":"https:\/\/zonerecreatif.com\/scooter\/wp-json\/wp\/v2\/pages"}],"about":[{"href":"https:\/\/zonerecreatif.com\/scooter\/wp-json\/wp\/v2\/types\/page"}],"author":[{"embeddable":true,"href":"https:\/\/zonerecreatif.com\/scooter\/wp-json\/wp\/v2\/users\/1"}],"replies":[{"embeddable":true,"href":"https:\/\/zonerecreatif.com\/scooter\/wp-json\/wp\/v2\/comments?post=22"}],"version-history":[{"count":185,"href":"https:\/\/zonerecreatif.com\/scooter\/wp-json\/wp\/v2\/pages\/22\/revisions"}],"predecessor-version":[{"id":1661,"href":"https:\/\/zonerecreatif.com\/scooter\/wp-json\/wp\/v2\/pages\/22\/revisions\/1661"}],"wp:attachment":[{"href":"https:\/\/zonerecreatif.com\/scooter\/wp-json\/wp\/v2\/media?parent=22"}],"curies":[{"name":"wp","href":"https:\/\/api.w.org\/{rel}","templated":true}]}}