{"id":1524,"date":"2025-03-14T17:59:27","date_gmt":"2025-03-14T17:59:27","guid":{"rendered":"https:\/\/zonerecreatif.com\/scooter\/scooter-bistro-50-scootterre-copy\/"},"modified":"2026-03-25T17:41:49","modified_gmt":"2026-03-25T17:41:49","slug":"scooter-portofino-50-scootterre","status":"publish","type":"page","link":"https:\/\/zonerecreatif.com\/scooter\/scooter-portofino-50-scootterre\/","title":{"rendered":"Scooter Portofino 50 Scootterre"},"content":{"rendered":"\t\t<div data-elementor-type=\"wp-page\" data-elementor-id=\"1524\" class=\"elementor elementor-1524\">\n\t\t\t\t\t\t\t\t\t<section class=\"elementor-section elementor-top-section elementor-element elementor-element-a6664a1 elementor-section-boxed elementor-section-height-default elementor-section-height-default\" data-id=\"a6664a1\" data-element_type=\"section\" data-settings=\"{&quot;background_background&quot;:&quot;classic&quot;}\">\n\t\t\t\t\t\t<div class=\"elementor-container elementor-column-gap-default\">\n\t\t\t\t\t<div class=\"elementor-column elementor-col-100 elementor-top-column elementor-element elementor-element-b072d38\" data-id=\"b072d38\" data-element_type=\"column\">\n\t\t\t<div class=\"elementor-widget-wrap elementor-element-populated\">\n\t\t\t\t\t\t\t\t<div class=\"elementor-element elementor-element-a9da24f elementor-widget elementor-widget-heading\" data-id=\"a9da24f\" data-element_type=\"widget\" data-widget_type=\"heading.default\">\n\t\t\t\t<div class=\"elementor-widget-container\">\n\t\t\t<h1 class=\"elementor-heading-title elementor-size-default\">SCOOTER PORTOFINO 50 SCOOTTERRE<\/h1>\t\t<\/div>\n\t\t\t\t<\/div>\n\t\t\t\t<div class=\"elementor-element elementor-element-427b1ee elementor-widget elementor-widget-spacer\" data-id=\"427b1ee\" data-element_type=\"widget\" data-widget_type=\"spacer.default\">\n\t\t\t\t<div class=\"elementor-widget-container\">\n\t\t\t\t\t<div class=\"elementor-spacer\">\n\t\t\t<div class=\"elementor-spacer-inner\"><\/div>\n\t\t<\/div>\n\t\t\t\t<\/div>\n\t\t\t\t<\/div>\n\t\t\t\t<section class=\"elementor-section elementor-inner-section elementor-element elementor-element-14625a2 elementor-section-boxed elementor-section-height-default elementor-section-height-default\" data-id=\"14625a2\" data-element_type=\"section\">\n\t\t\t\t\t\t<div class=\"elementor-container elementor-column-gap-default\">\n\t\t\t\t\t<div class=\"elementor-column elementor-col-50 elementor-inner-column elementor-element elementor-element-8202565\" data-id=\"8202565\" data-element_type=\"column\">\n\t\t\t<div class=\"elementor-widget-wrap elementor-element-populated\">\n\t\t\t\t\t\t\t\t<div class=\"elementor-element elementor-element-a33a1b8 elementor-widget elementor-widget-text-editor\" data-id=\"a33a1b8\" data-element_type=\"widget\" data-widget_type=\"text-editor.default\">\n\t\t\t\t<div class=\"elementor-widget-container\">\n\t\t\t\t\t\t\t<p><strong>Le Scooter Portofino 50 de Scootterre est le choix id\u00e9al pour ceux qui recherchent un moyen de transport \u00e9conomique, \u00e9l\u00e9gant et fiable. <\/strong><\/p><p>Avec son moteur 4 temps de 50cc, il offre une conduite fluide et \u00e9conomique, parfaite pour les d\u00e9placements urbains.<\/p><p>Couleurs disponibles\u00a0: Gris ou bourgogne.<\/p>\t\t\t\t\t\t<\/div>\n\t\t\t\t<\/div>\n\t\t\t\t<div class=\"elementor-element elementor-element-82c4c18 elementor-widget elementor-widget-image\" data-id=\"82c4c18\" data-element_type=\"widget\" data-widget_type=\"image.default\">\n\t\t\t\t<div class=\"elementor-widget-container\">\n\t\t\t\t\t\t\t\t\t\t\t\t\t\t\t<img decoding=\"async\" loading=\"lazy\" width=\"683\" height=\"789\" src=\"https:\/\/zonerecreatif.com\/scooter\/wp-content\/uploads\/sites\/2\/2025\/03\/scooter-portofino-50-scootterre-1.jpeg\" class=\"attachment-large size-large wp-image-1530\" alt=\"\" srcset=\"https:\/\/zonerecreatif.com\/scooter\/wp-content\/uploads\/sites\/2\/2025\/03\/scooter-portofino-50-scootterre-1.jpeg 683w, https:\/\/zonerecreatif.com\/scooter\/wp-content\/uploads\/sites\/2\/2025\/03\/scooter-portofino-50-scootterre-1-260x300.jpeg 260w\" sizes=\"(max-width: 683px) 100vw, 683px\" \/>\t\t\t\t\t\t\t\t\t\t\t\t\t\t\t<\/div>\n\t\t\t\t<\/div>\n\t\t\t\t<div class=\"elementor-element elementor-element-792da5d elementor-widget elementor-widget-text-editor\" data-id=\"792da5d\" data-element_type=\"widget\" data-widget_type=\"text-editor.default\">\n\t\t\t\t<div class=\"elementor-widget-container\">\n\t\t\t\t\t\t\t<p>3 600 $<\/p>\t\t\t\t\t\t<\/div>\n\t\t\t\t<\/div>\n\t\t\t\t<div class=\"elementor-element elementor-element-f252049 elementor-widget elementor-widget-text-editor\" data-id=\"f252049\" data-element_type=\"widget\" data-widget_type=\"text-editor.default\">\n\t\t\t\t<div class=\"elementor-widget-container\">\n\t\t\t\t\t\t\t<p>Transport et pr\u00e9paration inclus !<br \/>Taxes en sus<\/p>\t\t\t\t\t\t<\/div>\n\t\t\t\t<\/div>\n\t\t\t\t<div class=\"elementor-element elementor-element-6c0664a elementor-widget elementor-widget-image\" data-id=\"6c0664a\" data-element_type=\"widget\" data-widget_type=\"image.default\">\n\t\t\t\t<div class=\"elementor-widget-container\">\n\t\t\t\t\t\t\t\t\t\t\t\t\t\t\t<img decoding=\"async\" loading=\"lazy\" width=\"800\" height=\"641\" src=\"https:\/\/zonerecreatif.com\/scooter\/wp-content\/uploads\/sites\/2\/2025\/03\/scooter-portofino-50-scootterre-4.jpeg\" class=\"attachment-large size-large wp-image-1528\" alt=\"\" srcset=\"https:\/\/zonerecreatif.com\/scooter\/wp-content\/uploads\/sites\/2\/2025\/03\/scooter-portofino-50-scootterre-4.jpeg 809w, https:\/\/zonerecreatif.com\/scooter\/wp-content\/uploads\/sites\/2\/2025\/03\/scooter-portofino-50-scootterre-4-300x240.jpeg 300w, https:\/\/zonerecreatif.com\/scooter\/wp-content\/uploads\/sites\/2\/2025\/03\/scooter-portofino-50-scootterre-4-768x615.jpeg 768w\" sizes=\"(max-width: 800px) 100vw, 800px\" \/>\t\t\t\t\t\t\t\t\t\t\t\t\t\t\t<\/div>\n\t\t\t\t<\/div>\n\t\t\t\t\t<\/div>\n\t\t<\/div>\n\t\t\t\t<div class=\"elementor-column elementor-col-50 elementor-inner-column elementor-element elementor-element-1a72dd7\" data-id=\"1a72dd7\" data-element_type=\"column\">\n\t\t\t<div class=\"elementor-widget-wrap elementor-element-populated\">\n\t\t\t\t\t\t\t\t<div class=\"elementor-element elementor-element-44b7381 elementor-widget elementor-widget-text-editor\" data-id=\"44b7381\" data-element_type=\"widget\" data-widget_type=\"text-editor.default\">\n\t\t\t\t<div class=\"elementor-widget-container\">\n\t\t\t\t\t\t\t<p><strong>Caract\u00e9ristiques du Scooter Portofino 50 de Scootterre<\/strong><\/p><p>Moteur : 4 temps \/ 50cc<br \/>Transmission : CVT\u00a0<br \/>Vitesse maximale : 60 km\/h<br \/>Consommation : 2,5 L\/100 km<br \/>R\u00e9servoir d&rsquo;essence : 5 L<br \/>Freins : Avant \u00e0 disque, arri\u00e8re \u00e0 tambour <br \/>Pneus : 120\/70-12 (avant et arri\u00e8re)<br \/>Garde au sol : 150 mm<br \/>Poids \u00e0 sec : 110 kg<br \/>Capacit\u00e9 maximale : 160 kg<br \/>Compression\u00a0: 10.3 : 1<br \/>Longueur :\u00a0\u00a01950mm<br \/>Hauteur de la selle :\u00a0\u00a0760mm<br \/>R\u00e9servoir d&rsquo;huile :\u00a0750 ml<br \/>Bougie :\u00a0NGK C7HSA<br \/>Allumage :\u00a0CDI<br \/>Empattement :\u00a0\u00a01310mm<br \/>Batterie :\u00a012 V \/ 6AH<\/p>\t\t\t\t\t\t<\/div>\n\t\t\t\t<\/div>\n\t\t\t\t<div class=\"elementor-element elementor-element-e4b3830 elementor-widget elementor-widget-image\" data-id=\"e4b3830\" data-element_type=\"widget\" data-widget_type=\"image.default\">\n\t\t\t\t<div class=\"elementor-widget-container\">\n\t\t\t\t\t\t\t\t\t\t\t\t\t\t\t<img decoding=\"async\" loading=\"lazy\" width=\"504\" height=\"606\" src=\"https:\/\/zonerecreatif.com\/scooter\/wp-content\/uploads\/sites\/2\/2025\/03\/scooter-portofino-50-scootterre-5.jpeg\" class=\"attachment-large size-large wp-image-1529\" alt=\"\" srcset=\"https:\/\/zonerecreatif.com\/scooter\/wp-content\/uploads\/sites\/2\/2025\/03\/scooter-portofino-50-scootterre-5.jpeg 504w, https:\/\/zonerecreatif.com\/scooter\/wp-content\/uploads\/sites\/2\/2025\/03\/scooter-portofino-50-scootterre-5-250x300.jpeg 250w\" sizes=\"(max-width: 504px) 100vw, 504px\" \/>\t\t\t\t\t\t\t\t\t\t\t\t\t\t\t<\/div>\n\t\t\t\t<\/div>\n\t\t\t\t<div class=\"elementor-element elementor-element-8ab0056 elementor-widget elementor-widget-text-editor\" data-id=\"8ab0056\" data-element_type=\"widget\" data-widget_type=\"text-editor.default\">\n\t\t\t\t<div class=\"elementor-widget-container\">\n\t\t\t\t\t\t\t<p><strong>Un scooter pratique et accessible<\/strong><\/p><p>Le scooter Portofino 50 se distingue par son design \u00e9l\u00e9gant et sa hauteur de selle de 760 mm, garantissant un confort optimal.<\/p><p>Disponible en bourgogne et gris, il allie style et fonctionnalit\u00e9 pour s&rsquo;adapter \u00e0 vos besoins.<\/p>\t\t\t\t\t\t<\/div>\n\t\t\t\t<\/div>\n\t\t\t\t\t<\/div>\n\t\t<\/div>\n\t\t\t\t\t\t\t<\/div>\n\t\t<\/section>\n\t\t\t\t\t<\/div>\n\t\t<\/div>\n\t\t\t\t\t\t\t<\/div>\n\t\t<\/section>\n\t\t\t\t<section class=\"elementor-section elementor-top-section elementor-element elementor-element-0a52534 elementor-section-stretched elementor-section-full_width elementor-section-height-min-height elementor-section-height-default elementor-section-items-middle\" data-id=\"0a52534\" data-element_type=\"section\" data-settings=\"{&quot;stretch_section&quot;:&quot;section-stretched&quot;,&quot;background_background&quot;:&quot;classic&quot;}\">\n\t\t\t\t\t\t<div class=\"elementor-container elementor-column-gap-default\">\n\t\t\t\t\t<div class=\"elementor-column elementor-col-100 elementor-top-column elementor-element elementor-element-cca6a13\" data-id=\"cca6a13\" data-element_type=\"column\">\n\t\t\t<div class=\"elementor-widget-wrap\">\n\t\t\t\t\t\t\t\t\t<\/div>\n\t\t<\/div>\n\t\t\t\t\t\t\t<\/div>\n\t\t<\/section>\n\t\t\t\t\t\t\t<\/div>\n\t\t","protected":false},"excerpt":{"rendered":"<p>SCOOTER PORTOFINO 50 SCOOTTERRE Le Scooter Portofino 50 de Scootterre est le choix id\u00e9al pour ceux qui recherchent un moyen de transport \u00e9conomique, \u00e9l\u00e9gant et fiable. Avec son moteur 4 temps de 50cc, il offre une conduite fluide et \u00e9conomique, parfaite pour les d\u00e9placements urbains. Couleurs disponibles\u00a0: Gris ou bourgogne. 3 600 $ Transport et [&hellip;]<\/p>\n","protected":false},"author":1,"featured_media":0,"parent":0,"menu_order":0,"comment_status":"closed","ping_status":"closed","template":"elementor_header_footer","meta":{"footnotes":""},"_links":{"self":[{"href":"https:\/\/zonerecreatif.com\/scooter\/wp-json\/wp\/v2\/pages\/1524"}],"collection":[{"href":"https:\/\/zonerecreatif.com\/scooter\/wp-json\/wp\/v2\/pages"}],"about":[{"href":"https:\/\/zonerecreatif.com\/scooter\/wp-json\/wp\/v2\/types\/page"}],"author":[{"embeddable":true,"href":"https:\/\/zonerecreatif.com\/scooter\/wp-json\/wp\/v2\/users\/1"}],"replies":[{"embeddable":true,"href":"https:\/\/zonerecreatif.com\/scooter\/wp-json\/wp\/v2\/comments?post=1524"}],"version-history":[{"count":7,"href":"https:\/\/zonerecreatif.com\/scooter\/wp-json\/wp\/v2\/pages\/1524\/revisions"}],"predecessor-version":[{"id":1654,"href":"https:\/\/zonerecreatif.com\/scooter\/wp-json\/wp\/v2\/pages\/1524\/revisions\/1654"}],"wp:attachment":[{"href":"https:\/\/zonerecreatif.com\/scooter\/wp-json\/wp\/v2\/media?parent=1524"}],"curies":[{"name":"wp","href":"https:\/\/api.w.org\/{rel}","templated":true}]}}