{"id":1484,"date":"2025-03-14T16:52:42","date_gmt":"2025-03-14T16:52:42","guid":{"rendered":"https:\/\/zonerecreatif.com\/scooter\/scooter-electrique-cobra-par-karo-copy\/"},"modified":"2026-03-25T17:38:21","modified_gmt":"2026-03-25T17:38:21","slug":"scooter-bistro-50-scootterre","status":"publish","type":"page","link":"https:\/\/zonerecreatif.com\/scooter\/scooter-bistro-50-scootterre\/","title":{"rendered":"Scooter Bistro 50 Scootterre"},"content":{"rendered":"\t\t<div data-elementor-type=\"wp-page\" data-elementor-id=\"1484\" class=\"elementor elementor-1484\">\n\t\t\t\t\t\t\t\t\t<section class=\"elementor-section elementor-top-section elementor-element elementor-element-a6664a1 elementor-section-boxed elementor-section-height-default elementor-section-height-default\" data-id=\"a6664a1\" data-element_type=\"section\" data-settings=\"{&quot;background_background&quot;:&quot;classic&quot;}\">\n\t\t\t\t\t\t<div class=\"elementor-container elementor-column-gap-default\">\n\t\t\t\t\t<div class=\"elementor-column elementor-col-100 elementor-top-column elementor-element elementor-element-b072d38\" data-id=\"b072d38\" data-element_type=\"column\">\n\t\t\t<div class=\"elementor-widget-wrap elementor-element-populated\">\n\t\t\t\t\t\t\t\t<div class=\"elementor-element elementor-element-a9da24f elementor-widget elementor-widget-heading\" data-id=\"a9da24f\" data-element_type=\"widget\" data-widget_type=\"heading.default\">\n\t\t\t\t<div class=\"elementor-widget-container\">\n\t\t\t<h1 class=\"elementor-heading-title elementor-size-default\">SCOOTER BISTRO 50 SCOOTTERRE<\/h1>\t\t<\/div>\n\t\t\t\t<\/div>\n\t\t\t\t<div class=\"elementor-element elementor-element-427b1ee elementor-widget elementor-widget-spacer\" data-id=\"427b1ee\" data-element_type=\"widget\" data-widget_type=\"spacer.default\">\n\t\t\t\t<div class=\"elementor-widget-container\">\n\t\t\t\t\t<div class=\"elementor-spacer\">\n\t\t\t<div class=\"elementor-spacer-inner\"><\/div>\n\t\t<\/div>\n\t\t\t\t<\/div>\n\t\t\t\t<\/div>\n\t\t\t\t<section class=\"elementor-section elementor-inner-section elementor-element elementor-element-14625a2 elementor-section-boxed elementor-section-height-default elementor-section-height-default\" data-id=\"14625a2\" data-element_type=\"section\">\n\t\t\t\t\t\t<div class=\"elementor-container elementor-column-gap-default\">\n\t\t\t\t\t<div class=\"elementor-column elementor-col-50 elementor-inner-column elementor-element elementor-element-8202565\" data-id=\"8202565\" data-element_type=\"column\">\n\t\t\t<div class=\"elementor-widget-wrap elementor-element-populated\">\n\t\t\t\t\t\t\t\t<div class=\"elementor-element elementor-element-a33a1b8 elementor-widget elementor-widget-text-editor\" data-id=\"a33a1b8\" data-element_type=\"widget\" data-widget_type=\"text-editor.default\">\n\t\t\t\t<div class=\"elementor-widget-container\">\n\t\t\t\t\t\t\t<p><strong>Le Scooter Bistro 50 de Scootterre est le parfait compagnon pour les d\u00e9placements urbains. <\/strong><\/p><p>Avec son design \u00e9l\u00e9gant et compact, il offre une conduite fluide et \u00e9conomique, id\u00e9ale pour les d\u00e9placements du quotidien.<\/p><p>Couleurs disponibles : Bleu, charcoal.<\/p>\t\t\t\t\t\t<\/div>\n\t\t\t\t<\/div>\n\t\t\t\t<div class=\"elementor-element elementor-element-6c0664a elementor-widget elementor-widget-image\" data-id=\"6c0664a\" data-element_type=\"widget\" data-widget_type=\"image.default\">\n\t\t\t\t<div class=\"elementor-widget-container\">\n\t\t\t\t\t\t\t\t\t\t\t\t\t\t\t<img decoding=\"async\" loading=\"lazy\" width=\"800\" height=\"567\" src=\"https:\/\/zonerecreatif.com\/scooter\/wp-content\/uploads\/sites\/2\/2025\/03\/scooter-bistro-50-scootterre-1.jpg\" class=\"attachment-large size-large wp-image-1500\" alt=\"\" srcset=\"https:\/\/zonerecreatif.com\/scooter\/wp-content\/uploads\/sites\/2\/2025\/03\/scooter-bistro-50-scootterre-1.jpg 1015w, https:\/\/zonerecreatif.com\/scooter\/wp-content\/uploads\/sites\/2\/2025\/03\/scooter-bistro-50-scootterre-1-300x213.jpg 300w, https:\/\/zonerecreatif.com\/scooter\/wp-content\/uploads\/sites\/2\/2025\/03\/scooter-bistro-50-scootterre-1-768x545.jpg 768w\" sizes=\"(max-width: 800px) 100vw, 800px\" \/>\t\t\t\t\t\t\t\t\t\t\t\t\t\t\t<\/div>\n\t\t\t\t<\/div>\n\t\t\t\t<div class=\"elementor-element elementor-element-792da5d elementor-widget elementor-widget-text-editor\" data-id=\"792da5d\" data-element_type=\"widget\" data-widget_type=\"text-editor.default\">\n\t\t\t\t<div class=\"elementor-widget-container\">\n\t\t\t\t\t\t\t<p>2 725 $<\/p>\t\t\t\t\t\t<\/div>\n\t\t\t\t<\/div>\n\t\t\t\t<div class=\"elementor-element elementor-element-f252049 elementor-widget elementor-widget-text-editor\" data-id=\"f252049\" data-element_type=\"widget\" data-widget_type=\"text-editor.default\">\n\t\t\t\t<div class=\"elementor-widget-container\">\n\t\t\t\t\t\t\t<p>Transport et pr\u00e9paration inclus !<br \/>Taxes en sus<\/p>\t\t\t\t\t\t<\/div>\n\t\t\t\t<\/div>\n\t\t\t\t<div class=\"elementor-element elementor-element-f820741 elementor-widget elementor-widget-image\" data-id=\"f820741\" data-element_type=\"widget\" data-widget_type=\"image.default\">\n\t\t\t\t<div class=\"elementor-widget-container\">\n\t\t\t\t\t\t\t\t\t\t\t\t\t\t\t<img decoding=\"async\" loading=\"lazy\" width=\"800\" height=\"629\" src=\"https:\/\/zonerecreatif.com\/scooter\/wp-content\/uploads\/sites\/2\/2025\/03\/scooter-bistro-50-scootterre-2.jpg\" class=\"attachment-large size-large wp-image-1497\" alt=\"\" srcset=\"https:\/\/zonerecreatif.com\/scooter\/wp-content\/uploads\/sites\/2\/2025\/03\/scooter-bistro-50-scootterre-2.jpg 916w, https:\/\/zonerecreatif.com\/scooter\/wp-content\/uploads\/sites\/2\/2025\/03\/scooter-bistro-50-scootterre-2-300x236.jpg 300w, https:\/\/zonerecreatif.com\/scooter\/wp-content\/uploads\/sites\/2\/2025\/03\/scooter-bistro-50-scootterre-2-768x604.jpg 768w\" sizes=\"(max-width: 800px) 100vw, 800px\" \/>\t\t\t\t\t\t\t\t\t\t\t\t\t\t\t<\/div>\n\t\t\t\t<\/div>\n\t\t\t\t\t<\/div>\n\t\t<\/div>\n\t\t\t\t<div class=\"elementor-column elementor-col-50 elementor-inner-column elementor-element elementor-element-1a72dd7\" data-id=\"1a72dd7\" data-element_type=\"column\">\n\t\t\t<div class=\"elementor-widget-wrap elementor-element-populated\">\n\t\t\t\t\t\t\t\t<div class=\"elementor-element elementor-element-44b7381 elementor-widget elementor-widget-text-editor\" data-id=\"44b7381\" data-element_type=\"widget\" data-widget_type=\"text-editor.default\">\n\t\t\t\t<div class=\"elementor-widget-container\">\n\t\t\t\t\t\t\t<p><strong>Caract\u00e9ristiques du scooter Bistro 50 de Scootterre<\/strong><\/p><p>Moteur : 4 temps \/ 49,2 cc<br \/>Transmission : Automatique CVT<br \/>Vitesse maximale : 60 km\/h<br \/>Consommation : 2 L\/100 km<br \/>R\u00e9servoir d&rsquo;essence : 5 L<br \/>Freins avant : Disque<br \/>Freins arri\u00e8re : Tambour<br \/>Pneu avant : 3,50 x 10<br \/>Pneu arri\u00e8re : 3,50 x 10<br \/>Garde au sol : 90 mm<br \/>Poids \u00e0 sec : 80 kg<br \/>Capacit\u00e9 de charge : 150 kg<br \/>Hauteur de selle : 690 mm<br \/>Longueur : 1650 mm<br \/>R\u00e9servoir d&rsquo;huile : 750 ml<br \/>Bougie : NGK C7HSA<br \/>Allumage : CDI<br \/>Empattement : 1195 mm<br \/>Batterie : 12 V \/ 6AH<\/p>\t\t\t\t\t\t<\/div>\n\t\t\t\t<\/div>\n\t\t\t\t<div class=\"elementor-element elementor-element-8ab0056 elementor-widget elementor-widget-text-editor\" data-id=\"8ab0056\" data-element_type=\"widget\" data-widget_type=\"text-editor.default\">\n\t\t\t\t<div class=\"elementor-widget-container\">\n\t\t\t\t\t\t\t<p><strong>Un scooter au look moderne et raffin\u00e9<\/strong><\/p><p>Disponible en bleu, blanc, rouge et noir, le Scooter Bistro 50 de Scootterre allie design classique et performances optimis\u00e9es pour une exp\u00e9rience de conduite agr\u00e9able.<\/p><p>Que vous soyez un citadin actif ou un amateur de scooters au design \u00e9pur\u00e9, le Scooter Bistro 50 de Scootterre est fait pour vous !<\/p>\t\t\t\t\t\t<\/div>\n\t\t\t\t<\/div>\n\t\t\t\t\t<\/div>\n\t\t<\/div>\n\t\t\t\t\t\t\t<\/div>\n\t\t<\/section>\n\t\t\t\t\t<\/div>\n\t\t<\/div>\n\t\t\t\t\t\t\t<\/div>\n\t\t<\/section>\n\t\t\t\t<section class=\"elementor-section elementor-top-section elementor-element elementor-element-0a52534 elementor-section-stretched elementor-section-full_width elementor-section-height-min-height elementor-section-height-default elementor-section-items-middle\" data-id=\"0a52534\" data-element_type=\"section\" data-settings=\"{&quot;stretch_section&quot;:&quot;section-stretched&quot;,&quot;background_background&quot;:&quot;classic&quot;}\">\n\t\t\t\t\t\t<div class=\"elementor-container elementor-column-gap-default\">\n\t\t\t\t\t<div class=\"elementor-column elementor-col-100 elementor-top-column elementor-element elementor-element-cca6a13\" data-id=\"cca6a13\" data-element_type=\"column\">\n\t\t\t<div class=\"elementor-widget-wrap\">\n\t\t\t\t\t\t\t\t\t<\/div>\n\t\t<\/div>\n\t\t\t\t\t\t\t<\/div>\n\t\t<\/section>\n\t\t\t\t\t\t\t<\/div>\n\t\t","protected":false},"excerpt":{"rendered":"<p>SCOOTER BISTRO 50 SCOOTTERRE Le Scooter Bistro 50 de Scootterre est le parfait compagnon pour les d\u00e9placements urbains. Avec son design \u00e9l\u00e9gant et compact, il offre une conduite fluide et \u00e9conomique, id\u00e9ale pour les d\u00e9placements du quotidien. Couleurs disponibles : Bleu, charcoal. 2 725 $ Transport et pr\u00e9paration inclus !Taxes en sus Caract\u00e9ristiques du scooter [&hellip;]<\/p>\n","protected":false},"author":1,"featured_media":0,"parent":0,"menu_order":0,"comment_status":"closed","ping_status":"closed","template":"elementor_header_footer","meta":{"footnotes":""},"_links":{"self":[{"href":"https:\/\/zonerecreatif.com\/scooter\/wp-json\/wp\/v2\/pages\/1484"}],"collection":[{"href":"https:\/\/zonerecreatif.com\/scooter\/wp-json\/wp\/v2\/pages"}],"about":[{"href":"https:\/\/zonerecreatif.com\/scooter\/wp-json\/wp\/v2\/types\/page"}],"author":[{"embeddable":true,"href":"https:\/\/zonerecreatif.com\/scooter\/wp-json\/wp\/v2\/users\/1"}],"replies":[{"embeddable":true,"href":"https:\/\/zonerecreatif.com\/scooter\/wp-json\/wp\/v2\/comments?post=1484"}],"version-history":[{"count":10,"href":"https:\/\/zonerecreatif.com\/scooter\/wp-json\/wp\/v2\/pages\/1484\/revisions"}],"predecessor-version":[{"id":1645,"href":"https:\/\/zonerecreatif.com\/scooter\/wp-json\/wp\/v2\/pages\/1484\/revisions\/1645"}],"wp:attachment":[{"href":"https:\/\/zonerecreatif.com\/scooter\/wp-json\/wp\/v2\/media?parent=1484"}],"curies":[{"name":"wp","href":"https:\/\/api.w.org\/{rel}","templated":true}]}}