{"id":1452,"date":"2025-03-13T23:00:37","date_gmt":"2025-03-13T23:00:37","guid":{"rendered":"https:\/\/zonerecreatif.com\/scooter\/scooter-electrique-cobra-par-karo-copy\/"},"modified":"2025-03-14T16:02:46","modified_gmt":"2025-03-14T16:02:46","slug":"scooter-electrique-gio-supra","status":"publish","type":"page","link":"https:\/\/zonerecreatif.com\/scooter\/scooter-electrique-gio-supra\/","title":{"rendered":"Scooter \u00e9lectrique GIO Supra"},"content":{"rendered":"\t\t<div data-elementor-type=\"wp-page\" data-elementor-id=\"1452\" class=\"elementor elementor-1452\">\n\t\t\t\t\t\t\t\t\t<section class=\"elementor-section elementor-top-section elementor-element elementor-element-a6664a1 elementor-section-boxed elementor-section-height-default elementor-section-height-default\" data-id=\"a6664a1\" data-element_type=\"section\" data-settings=\"{&quot;background_background&quot;:&quot;classic&quot;}\">\n\t\t\t\t\t\t<div class=\"elementor-container elementor-column-gap-default\">\n\t\t\t\t\t<div class=\"elementor-column elementor-col-100 elementor-top-column elementor-element elementor-element-b072d38\" data-id=\"b072d38\" data-element_type=\"column\">\n\t\t\t<div class=\"elementor-widget-wrap elementor-element-populated\">\n\t\t\t\t\t\t\t\t<div class=\"elementor-element elementor-element-a9da24f elementor-widget elementor-widget-heading\" data-id=\"a9da24f\" data-element_type=\"widget\" data-widget_type=\"heading.default\">\n\t\t\t\t<div class=\"elementor-widget-container\">\n\t\t\t<h1 class=\"elementor-heading-title elementor-size-default\">SCOOTER \u00c9LECTRIQUE GIO SUPRA<\/h1>\t\t<\/div>\n\t\t\t\t<\/div>\n\t\t\t\t<div class=\"elementor-element elementor-element-427b1ee elementor-widget elementor-widget-spacer\" data-id=\"427b1ee\" data-element_type=\"widget\" data-widget_type=\"spacer.default\">\n\t\t\t\t<div class=\"elementor-widget-container\">\n\t\t\t\t\t<div class=\"elementor-spacer\">\n\t\t\t<div class=\"elementor-spacer-inner\"><\/div>\n\t\t<\/div>\n\t\t\t\t<\/div>\n\t\t\t\t<\/div>\n\t\t\t\t<section class=\"elementor-section elementor-inner-section elementor-element elementor-element-14625a2 elementor-section-boxed elementor-section-height-default elementor-section-height-default\" data-id=\"14625a2\" data-element_type=\"section\">\n\t\t\t\t\t\t<div class=\"elementor-container elementor-column-gap-default\">\n\t\t\t\t\t<div class=\"elementor-column elementor-col-50 elementor-inner-column elementor-element elementor-element-8202565\" data-id=\"8202565\" data-element_type=\"column\">\n\t\t\t<div class=\"elementor-widget-wrap elementor-element-populated\">\n\t\t\t\t\t\t\t\t<div class=\"elementor-element elementor-element-a33a1b8 elementor-widget elementor-widget-text-editor\" data-id=\"a33a1b8\" data-element_type=\"widget\" data-widget_type=\"text-editor.default\">\n\t\t\t\t<div class=\"elementor-widget-container\">\n\t\t\t\t\t\t\t<p>Offrez-vous la mobilit\u00e9 \u00e9lectrique avec le scooter \u00e9lectrique GIO Supra, un scooter con\u00e7u pour allier style, praticit\u00e9 et performance.\u00a0<\/p><p>Id\u00e9al pour vos d\u00e9placements urbains, ce mod\u00e8le se distingue par ses caract\u00e9ristiques modernes et son rapport qualit\u00e9-prix exceptionnel.<\/p><p><strong>* conforme aux normes de s\u00e9curit\u00e9 routi\u00e8re et l\u00e9galement plaquable pour une utilisation sur les routes<\/strong><\/p><p>Couleurs disponibles : noir ou rouge<\/p>\t\t\t\t\t\t<\/div>\n\t\t\t\t<\/div>\n\t\t\t\t<div class=\"elementor-element elementor-element-6c0664a elementor-widget elementor-widget-image\" data-id=\"6c0664a\" data-element_type=\"widget\" data-widget_type=\"image.default\">\n\t\t\t\t<div class=\"elementor-widget-container\">\n\t\t\t\t\t\t\t\t\t\t\t\t\t\t\t<img decoding=\"async\" loading=\"lazy\" width=\"761\" height=\"900\" src=\"https:\/\/zonerecreatif.com\/scooter\/wp-content\/uploads\/sites\/2\/2025\/03\/scooter-electrique-gio-supra-1.jpg\" class=\"attachment-large size-large wp-image-1455\" alt=\"\" srcset=\"https:\/\/zonerecreatif.com\/scooter\/wp-content\/uploads\/sites\/2\/2025\/03\/scooter-electrique-gio-supra-1.jpg 761w, https:\/\/zonerecreatif.com\/scooter\/wp-content\/uploads\/sites\/2\/2025\/03\/scooter-electrique-gio-supra-1-254x300.jpg 254w\" sizes=\"(max-width: 761px) 100vw, 761px\" \/>\t\t\t\t\t\t\t\t\t\t\t\t\t\t\t<\/div>\n\t\t\t\t<\/div>\n\t\t\t\t<div class=\"elementor-element elementor-element-792da5d elementor-widget elementor-widget-text-editor\" data-id=\"792da5d\" data-element_type=\"widget\" data-widget_type=\"text-editor.default\">\n\t\t\t\t<div class=\"elementor-widget-container\">\n\t\t\t\t\t\t\t<p>2 299 $<\/p>\t\t\t\t\t\t<\/div>\n\t\t\t\t<\/div>\n\t\t\t\t<div class=\"elementor-element elementor-element-f252049 elementor-widget elementor-widget-text-editor\" data-id=\"f252049\" data-element_type=\"widget\" data-widget_type=\"text-editor.default\">\n\t\t\t\t<div class=\"elementor-widget-container\">\n\t\t\t\t\t\t\t<p>Transport et pr\u00e9paration inclus !<br \/>Taxes en sus<\/p>\t\t\t\t\t\t<\/div>\n\t\t\t\t<\/div>\n\t\t\t\t<div class=\"elementor-element elementor-element-8ab0056 elementor-widget elementor-widget-text-editor\" data-id=\"8ab0056\" data-element_type=\"widget\" data-widget_type=\"text-editor.default\">\n\t\t\t\t<div class=\"elementor-widget-container\">\n\t\t\t\t\t\t\t<p><strong>L\u00e9gal et pr\u00eat pour la route<\/strong><\/p><p>Le scooter \u00e9lectrique GIO Supra est plaquable et conforme aux normes routi\u00e8res.<\/p><p>Adoptez le scooter \u00e9lectrique GIO Supra et roulez vers un avenir \u00e9lectrique, \u00e9conomique et \u00e9cologique!<\/p>\t\t\t\t\t\t<\/div>\n\t\t\t\t<\/div>\n\t\t\t\t\t<\/div>\n\t\t<\/div>\n\t\t\t\t<div class=\"elementor-column elementor-col-50 elementor-inner-column elementor-element elementor-element-1a72dd7\" data-id=\"1a72dd7\" data-element_type=\"column\">\n\t\t\t<div class=\"elementor-widget-wrap elementor-element-populated\">\n\t\t\t\t\t\t\t\t<div class=\"elementor-element elementor-element-f820741 elementor-widget elementor-widget-image\" data-id=\"f820741\" data-element_type=\"widget\" data-widget_type=\"image.default\">\n\t\t\t\t<div class=\"elementor-widget-container\">\n\t\t\t\t\t\t\t\t\t\t\t\t\t\t\t<img decoding=\"async\" loading=\"lazy\" width=\"800\" height=\"800\" src=\"https:\/\/zonerecreatif.com\/scooter\/wp-content\/uploads\/sites\/2\/2025\/03\/scooter-electrique-supra-gio-1.jpg\" class=\"attachment-large size-large wp-image-1456\" alt=\"\" srcset=\"https:\/\/zonerecreatif.com\/scooter\/wp-content\/uploads\/sites\/2\/2025\/03\/scooter-electrique-supra-gio-1.jpg 900w, https:\/\/zonerecreatif.com\/scooter\/wp-content\/uploads\/sites\/2\/2025\/03\/scooter-electrique-supra-gio-1-300x300.jpg 300w, https:\/\/zonerecreatif.com\/scooter\/wp-content\/uploads\/sites\/2\/2025\/03\/scooter-electrique-supra-gio-1-150x150.jpg 150w, https:\/\/zonerecreatif.com\/scooter\/wp-content\/uploads\/sites\/2\/2025\/03\/scooter-electrique-supra-gio-1-768x768.jpg 768w\" sizes=\"(max-width: 800px) 100vw, 800px\" \/>\t\t\t\t\t\t\t\t\t\t\t\t\t\t\t<\/div>\n\t\t\t\t<\/div>\n\t\t\t\t<div class=\"elementor-element elementor-element-44b7381 elementor-widget elementor-widget-text-editor\" data-id=\"44b7381\" data-element_type=\"widget\" data-widget_type=\"text-editor.default\">\n\t\t\t\t<div class=\"elementor-widget-container\">\n\t\t\t\t\t\t\t<p><strong>Caract\u00e9ristiques du scooter \u00e9lectrique Gio-Supra<\/strong><\/p><ul><li><strong>Batterie durable<\/strong> : Batterie au plomb 72V20AH offrant une autonomie jusqu&rsquo;\u00e0 <strong>70 km<\/strong> par charge.<\/li><li><strong>Moteur puissant<\/strong> : Propuls\u00e9 par un moteur de 1200 W avec refroidissement liquide pour une performance optimale.<\/li><li><strong>Vitesse et contr\u00f4le<\/strong> : Atteignez une vitesse maximale de 50 km\/h, avec un contr\u00f4leur 72V35AH pour une gestion efficace.<\/li><li><strong>Confort et s\u00e9curit\u00e9<\/strong> : \u00c9quip\u00e9 de freins hydrauliques \u00e0 disque avant et arri\u00e8re, ainsi que d&rsquo;amortisseurs hydrauliques invers\u00e9s pour une conduite fluide.<\/li><li><strong>Fonctionnalit\u00e9s modernes<\/strong> : Profitez d&rsquo;un \u00e9cran LCD, d&rsquo;un port USB pour vos appareils et d&rsquo;une alarme int\u00e9gr\u00e9e pour plus de s\u00e9curit\u00e9.<\/li><li><strong>Temps de charge <\/strong>: Recharge compl\u00e8te en seulement 6 \u00e0 8 heures.<\/li><\/ul>\t\t\t\t\t\t<\/div>\n\t\t\t\t<\/div>\n\t\t\t\t\t<\/div>\n\t\t<\/div>\n\t\t\t\t\t\t\t<\/div>\n\t\t<\/section>\n\t\t\t\t\t<\/div>\n\t\t<\/div>\n\t\t\t\t\t\t\t<\/div>\n\t\t<\/section>\n\t\t\t\t<section class=\"elementor-section elementor-top-section elementor-element elementor-element-0a52534 elementor-section-stretched elementor-section-full_width elementor-section-height-min-height elementor-section-height-default elementor-section-items-middle\" data-id=\"0a52534\" data-element_type=\"section\" data-settings=\"{&quot;stretch_section&quot;:&quot;section-stretched&quot;,&quot;background_background&quot;:&quot;classic&quot;}\">\n\t\t\t\t\t\t<div class=\"elementor-container elementor-column-gap-default\">\n\t\t\t\t\t<div class=\"elementor-column elementor-col-100 elementor-top-column elementor-element elementor-element-cca6a13\" data-id=\"cca6a13\" data-element_type=\"column\">\n\t\t\t<div class=\"elementor-widget-wrap\">\n\t\t\t\t\t\t\t\t\t<\/div>\n\t\t<\/div>\n\t\t\t\t\t\t\t<\/div>\n\t\t<\/section>\n\t\t\t\t\t\t\t<\/div>\n\t\t","protected":false},"excerpt":{"rendered":"<p>SCOOTER \u00c9LECTRIQUE GIO SUPRA Offrez-vous la mobilit\u00e9 \u00e9lectrique avec le scooter \u00e9lectrique GIO Supra, un scooter con\u00e7u pour allier style, praticit\u00e9 et performance.\u00a0 Id\u00e9al pour vos d\u00e9placements urbains, ce mod\u00e8le se distingue par ses caract\u00e9ristiques modernes et son rapport qualit\u00e9-prix exceptionnel. * conforme aux normes de s\u00e9curit\u00e9 routi\u00e8re et l\u00e9galement plaquable pour une utilisation sur [&hellip;]<\/p>\n","protected":false},"author":1,"featured_media":0,"parent":0,"menu_order":0,"comment_status":"closed","ping_status":"closed","template":"elementor_header_footer","meta":{"footnotes":""},"_links":{"self":[{"href":"https:\/\/zonerecreatif.com\/scooter\/wp-json\/wp\/v2\/pages\/1452"}],"collection":[{"href":"https:\/\/zonerecreatif.com\/scooter\/wp-json\/wp\/v2\/pages"}],"about":[{"href":"https:\/\/zonerecreatif.com\/scooter\/wp-json\/wp\/v2\/types\/page"}],"author":[{"embeddable":true,"href":"https:\/\/zonerecreatif.com\/scooter\/wp-json\/wp\/v2\/users\/1"}],"replies":[{"embeddable":true,"href":"https:\/\/zonerecreatif.com\/scooter\/wp-json\/wp\/v2\/comments?post=1452"}],"version-history":[{"count":11,"href":"https:\/\/zonerecreatif.com\/scooter\/wp-json\/wp\/v2\/pages\/1452\/revisions"}],"predecessor-version":[{"id":1479,"href":"https:\/\/zonerecreatif.com\/scooter\/wp-json\/wp\/v2\/pages\/1452\/revisions\/1479"}],"wp:attachment":[{"href":"https:\/\/zonerecreatif.com\/scooter\/wp-json\/wp\/v2\/media?parent=1452"}],"curies":[{"name":"wp","href":"https:\/\/api.w.org\/{rel}","templated":true}]}}