{"id":1267,"date":"2024-06-19T20:20:44","date_gmt":"2024-06-19T20:20:44","guid":{"rendered":"https:\/\/zonerecreatif.com\/scooter\/promo-scooter-electrique-daymak-em2-copy\/"},"modified":"2025-03-13T22:23:56","modified_gmt":"2025-03-13T22:23:56","slug":"scooter-electrique-cobra-par-karo","status":"publish","type":"page","link":"https:\/\/zonerecreatif.com\/scooter\/scooter-electrique-cobra-par-karo\/","title":{"rendered":"Scooter \u00c9lectrique Cobra par KARO"},"content":{"rendered":"\t\t<div data-elementor-type=\"wp-page\" data-elementor-id=\"1267\" class=\"elementor elementor-1267\">\n\t\t\t\t\t\t\t\t\t<section class=\"elementor-section elementor-top-section elementor-element elementor-element-a6664a1 elementor-section-boxed elementor-section-height-default elementor-section-height-default\" data-id=\"a6664a1\" data-element_type=\"section\" data-settings=\"{&quot;background_background&quot;:&quot;classic&quot;}\">\n\t\t\t\t\t\t<div class=\"elementor-container elementor-column-gap-default\">\n\t\t\t\t\t<div class=\"elementor-column elementor-col-100 elementor-top-column elementor-element elementor-element-b072d38\" data-id=\"b072d38\" data-element_type=\"column\">\n\t\t\t<div class=\"elementor-widget-wrap elementor-element-populated\">\n\t\t\t\t\t\t\t\t<div class=\"elementor-element elementor-element-a9da24f elementor-widget elementor-widget-heading\" data-id=\"a9da24f\" data-element_type=\"widget\" data-widget_type=\"heading.default\">\n\t\t\t\t<div class=\"elementor-widget-container\">\n\t\t\t<h1 class=\"elementor-heading-title elementor-size-default\">SCOOTER \u00c9LECTRIQUE COBRA<\/h1>\t\t<\/div>\n\t\t\t\t<\/div>\n\t\t\t\t<div class=\"elementor-element elementor-element-427b1ee elementor-widget elementor-widget-spacer\" data-id=\"427b1ee\" data-element_type=\"widget\" data-widget_type=\"spacer.default\">\n\t\t\t\t<div class=\"elementor-widget-container\">\n\t\t\t\t\t<div class=\"elementor-spacer\">\n\t\t\t<div class=\"elementor-spacer-inner\"><\/div>\n\t\t<\/div>\n\t\t\t\t<\/div>\n\t\t\t\t<\/div>\n\t\t\t\t<section class=\"elementor-section elementor-inner-section elementor-element elementor-element-14625a2 elementor-section-boxed elementor-section-height-default elementor-section-height-default\" data-id=\"14625a2\" data-element_type=\"section\">\n\t\t\t\t\t\t<div class=\"elementor-container elementor-column-gap-default\">\n\t\t\t\t\t<div class=\"elementor-column elementor-col-50 elementor-inner-column elementor-element elementor-element-8202565\" data-id=\"8202565\" data-element_type=\"column\">\n\t\t\t<div class=\"elementor-widget-wrap elementor-element-populated\">\n\t\t\t\t\t\t\t\t<div class=\"elementor-element elementor-element-a33a1b8 elementor-widget elementor-widget-text-editor\" data-id=\"a33a1b8\" data-element_type=\"widget\" data-widget_type=\"text-editor.default\">\n\t\t\t\t<div class=\"elementor-widget-container\">\n\t\t\t\t\t\t\t<p><strong>Le scooter \u00e9lectrique Cobra de marque KARO est con\u00e7u pour offrir une exp\u00e9rience de conduite exceptionnelle !<\/strong><\/p><p>Dot\u00e9 d&rsquo;un moteur puissant de 500w et de batteries performantes, il atteint une vitesse maximale de 54 km\/h et propose une autonomie de 40 \u00e0 60 km. Sa capacit\u00e9 de charge de 330 lb le rend parfait pour diverses utilisations quotidiennes.<\/p><p>Couleurs disponibles : bleu ou noir<\/p>\t\t\t\t\t\t<\/div>\n\t\t\t\t<\/div>\n\t\t\t\t<div class=\"elementor-element elementor-element-6c0664a elementor-widget elementor-widget-image\" data-id=\"6c0664a\" data-element_type=\"widget\" data-widget_type=\"image.default\">\n\t\t\t\t<div class=\"elementor-widget-container\">\n\t\t\t\t\t\t\t\t\t\t\t\t\t\t\t<img decoding=\"async\" loading=\"lazy\" width=\"700\" height=\"700\" src=\"https:\/\/zonerecreatif.com\/scooter\/wp-content\/uploads\/sites\/2\/2025\/03\/scooter-electrique-cobra-5-1.jpg\" class=\"attachment-large size-large wp-image-1418\" alt=\"\" srcset=\"https:\/\/zonerecreatif.com\/scooter\/wp-content\/uploads\/sites\/2\/2025\/03\/scooter-electrique-cobra-5-1.jpg 700w, https:\/\/zonerecreatif.com\/scooter\/wp-content\/uploads\/sites\/2\/2025\/03\/scooter-electrique-cobra-5-1-300x300.jpg 300w, https:\/\/zonerecreatif.com\/scooter\/wp-content\/uploads\/sites\/2\/2025\/03\/scooter-electrique-cobra-5-1-150x150.jpg 150w\" sizes=\"(max-width: 700px) 100vw, 700px\" \/>\t\t\t\t\t\t\t\t\t\t\t\t\t\t\t<\/div>\n\t\t\t\t<\/div>\n\t\t\t\t<div class=\"elementor-element elementor-element-792da5d elementor-widget elementor-widget-text-editor\" data-id=\"792da5d\" data-element_type=\"widget\" data-widget_type=\"text-editor.default\">\n\t\t\t\t<div class=\"elementor-widget-container\">\n\t\t\t\t\t\t\t<p>2 499 $<\/p>\t\t\t\t\t\t<\/div>\n\t\t\t\t<\/div>\n\t\t\t\t<div class=\"elementor-element elementor-element-f252049 elementor-widget elementor-widget-text-editor\" data-id=\"f252049\" data-element_type=\"widget\" data-widget_type=\"text-editor.default\">\n\t\t\t\t<div class=\"elementor-widget-container\">\n\t\t\t\t\t\t\t<p>Transport et pr\u00e9paration inclus !<br \/>Taxes en sus<\/p>\t\t\t\t\t\t<\/div>\n\t\t\t\t<\/div>\n\t\t\t\t\t<\/div>\n\t\t<\/div>\n\t\t\t\t<div class=\"elementor-column elementor-col-50 elementor-inner-column elementor-element elementor-element-1a72dd7\" data-id=\"1a72dd7\" data-element_type=\"column\">\n\t\t\t<div class=\"elementor-widget-wrap elementor-element-populated\">\n\t\t\t\t\t\t\t\t<div class=\"elementor-element elementor-element-f820741 elementor-widget elementor-widget-image\" data-id=\"f820741\" data-element_type=\"widget\" data-widget_type=\"image.default\">\n\t\t\t\t<div class=\"elementor-widget-container\">\n\t\t\t\t\t\t\t\t\t\t\t\t\t\t\t<img decoding=\"async\" loading=\"lazy\" width=\"700\" height=\"700\" src=\"https:\/\/zonerecreatif.com\/scooter\/wp-content\/uploads\/sites\/2\/2025\/03\/scooter-electrique-cobra-1-1.jpg\" class=\"attachment-large size-large wp-image-1419\" alt=\"\" srcset=\"https:\/\/zonerecreatif.com\/scooter\/wp-content\/uploads\/sites\/2\/2025\/03\/scooter-electrique-cobra-1-1.jpg 700w, https:\/\/zonerecreatif.com\/scooter\/wp-content\/uploads\/sites\/2\/2025\/03\/scooter-electrique-cobra-1-1-300x300.jpg 300w, https:\/\/zonerecreatif.com\/scooter\/wp-content\/uploads\/sites\/2\/2025\/03\/scooter-electrique-cobra-1-1-150x150.jpg 150w\" sizes=\"(max-width: 700px) 100vw, 700px\" \/>\t\t\t\t\t\t\t\t\t\t\t\t\t\t\t<\/div>\n\t\t\t\t<\/div>\n\t\t\t\t<div class=\"elementor-element elementor-element-44b7381 elementor-widget elementor-widget-text-editor\" data-id=\"44b7381\" data-element_type=\"widget\" data-widget_type=\"text-editor.default\">\n\t\t\t\t<div class=\"elementor-widget-container\">\n\t\t\t\t\t\t\t<p><strong>Description du scooter \u00e9lectrique Cobra<\/strong><\/p><ul><li><strong>Vitesse maximale :<\/strong> 54 km\/h<\/li><li><strong>Autonomie :<\/strong> 40 \u00e0 60 km<\/li><li><strong>Voltage :<\/strong> 72 volts<\/li><li><strong>Batteries :<\/strong> 6 x 12v 20ah<\/li><li><strong>Moteur :<\/strong> 500w<\/li><li><strong>Temps de recharge :<\/strong> 8 \u00e0 10 heures<\/li><li><strong>Capacit\u00e9 de charge :<\/strong> 330 lb (150 kg)<\/li><li><strong>Poids du v\u00e9hicule :<\/strong> 200 lb (91 kg)<\/li><li><strong>Dimensions (Longueur x Largeur x Hauteur) :<\/strong> 67 x 29 x 41 po (170 x 74 x 104 cm)<\/li><\/ul>\t\t\t\t\t\t<\/div>\n\t\t\t\t<\/div>\n\t\t\t\t<div class=\"elementor-element elementor-element-8ab0056 elementor-widget elementor-widget-text-editor\" data-id=\"8ab0056\" data-element_type=\"widget\" data-widget_type=\"text-editor.default\">\n\t\t\t\t<div class=\"elementor-widget-container\">\n\t\t\t\t\t\t\t<p>Avec son temps de recharge de 8 \u00e0 10 heures, le scooter \u00e9lectrique Cobra est id\u00e9al pour ceux qui cherchent une solution de transport pratique et \u00e9cologique.<\/p><p>Disponible en deux couleurs, bleu et noir, ce mod\u00e8le allie performance et style pour r\u00e9pondre \u00e0 tous vos besoins de mobilit\u00e9.<\/p>\t\t\t\t\t\t<\/div>\n\t\t\t\t<\/div>\n\t\t\t\t\t<\/div>\n\t\t<\/div>\n\t\t\t\t\t\t\t<\/div>\n\t\t<\/section>\n\t\t\t\t\t<\/div>\n\t\t<\/div>\n\t\t\t\t\t\t\t<\/div>\n\t\t<\/section>\n\t\t\t\t<section class=\"elementor-section elementor-top-section elementor-element elementor-element-336e639 elementor-section-boxed elementor-section-height-default elementor-section-height-default\" data-id=\"336e639\" data-element_type=\"section\" data-settings=\"{&quot;background_background&quot;:&quot;classic&quot;}\">\n\t\t\t\t\t\t<div class=\"elementor-container elementor-column-gap-default\">\n\t\t\t\t\t<div class=\"elementor-column elementor-col-100 elementor-top-column elementor-element elementor-element-693dcb3\" data-id=\"693dcb3\" data-element_type=\"column\">\n\t\t\t<div class=\"elementor-widget-wrap elementor-element-populated\">\n\t\t\t\t\t\t\t\t<div class=\"elementor-element elementor-element-f7c6ab5 elementor-widget elementor-widget-heading\" data-id=\"f7c6ab5\" data-element_type=\"widget\" data-widget_type=\"heading.default\">\n\t\t\t\t<div class=\"elementor-widget-container\">\n\t\t\t<h1 class=\"elementor-heading-title elementor-size-default\">FAITS SAILLANTS DU SCOOTER \u00c9LECTRIQUE COBRA<\/h1>\t\t<\/div>\n\t\t\t\t<\/div>\n\t\t\t\t\t<\/div>\n\t\t<\/div>\n\t\t\t\t\t\t\t<\/div>\n\t\t<\/section>\n\t\t\t\t<section class=\"elementor-section elementor-top-section elementor-element elementor-element-2935c26 elementor-section-boxed elementor-section-height-default elementor-section-height-default\" data-id=\"2935c26\" data-element_type=\"section\" data-settings=\"{&quot;background_background&quot;:&quot;classic&quot;}\">\n\t\t\t\t\t\t<div class=\"elementor-container elementor-column-gap-default\">\n\t\t\t\t\t<div class=\"elementor-column elementor-col-25 elementor-top-column elementor-element elementor-element-ca806fb\" data-id=\"ca806fb\" data-element_type=\"column\">\n\t\t\t<div class=\"elementor-widget-wrap elementor-element-populated\">\n\t\t\t\t\t\t\t\t<div class=\"elementor-element elementor-element-94f7321 elementor-widget elementor-widget-text-editor\" data-id=\"94f7321\" data-element_type=\"widget\" data-widget_type=\"text-editor.default\">\n\t\t\t\t<div class=\"elementor-widget-container\">\n\t\t\t\t\t\t\t<p>54 km\/h<\/p>\t\t\t\t\t\t<\/div>\n\t\t\t\t<\/div>\n\t\t\t\t<div class=\"elementor-element elementor-element-b0af41b elementor-widget elementor-widget-text-editor\" data-id=\"b0af41b\" data-element_type=\"widget\" data-widget_type=\"text-editor.default\">\n\t\t\t\t<div class=\"elementor-widget-container\">\n\t\t\t\t\t\t\t<p>Vitesse maximale<\/p>\t\t\t\t\t\t<\/div>\n\t\t\t\t<\/div>\n\t\t\t\t\t<\/div>\n\t\t<\/div>\n\t\t\t\t<div class=\"elementor-column elementor-col-25 elementor-top-column elementor-element elementor-element-96c118c\" data-id=\"96c118c\" data-element_type=\"column\">\n\t\t\t<div class=\"elementor-widget-wrap elementor-element-populated\">\n\t\t\t\t\t\t\t\t<div class=\"elementor-element elementor-element-2e5cdce elementor-widget elementor-widget-text-editor\" data-id=\"2e5cdce\" data-element_type=\"widget\" data-widget_type=\"text-editor.default\">\n\t\t\t\t<div class=\"elementor-widget-container\">\n\t\t\t\t\t\t\t<p>40-60 km<\/p>\t\t\t\t\t\t<\/div>\n\t\t\t\t<\/div>\n\t\t\t\t<div class=\"elementor-element elementor-element-e981f9c elementor-widget elementor-widget-text-editor\" data-id=\"e981f9c\" data-element_type=\"widget\" data-widget_type=\"text-editor.default\">\n\t\t\t\t<div class=\"elementor-widget-container\">\n\t\t\t\t\t\t\t<p>Autonomie de la batterie<\/p>\t\t\t\t\t\t<\/div>\n\t\t\t\t<\/div>\n\t\t\t\t\t<\/div>\n\t\t<\/div>\n\t\t\t\t<div class=\"elementor-column elementor-col-25 elementor-top-column elementor-element elementor-element-6ba2df6\" data-id=\"6ba2df6\" data-element_type=\"column\">\n\t\t\t<div class=\"elementor-widget-wrap elementor-element-populated\">\n\t\t\t\t\t\t\t\t<div class=\"elementor-element elementor-element-47f76d8 elementor-widget elementor-widget-text-editor\" data-id=\"47f76d8\" data-element_type=\"widget\" data-widget_type=\"text-editor.default\">\n\t\t\t\t<div class=\"elementor-widget-container\">\n\t\t\t\t\t\t\t<p>8-10 h<\/p>\t\t\t\t\t\t<\/div>\n\t\t\t\t<\/div>\n\t\t\t\t<div class=\"elementor-element elementor-element-4be56be elementor-widget elementor-widget-text-editor\" data-id=\"4be56be\" data-element_type=\"widget\" data-widget_type=\"text-editor.default\">\n\t\t\t\t<div class=\"elementor-widget-container\">\n\t\t\t\t\t\t\t<p>Temps de recharge batterie<\/p>\t\t\t\t\t\t<\/div>\n\t\t\t\t<\/div>\n\t\t\t\t\t<\/div>\n\t\t<\/div>\n\t\t\t\t<div class=\"elementor-column elementor-col-25 elementor-top-column elementor-element elementor-element-0ee667e\" data-id=\"0ee667e\" data-element_type=\"column\">\n\t\t\t<div class=\"elementor-widget-wrap elementor-element-populated\">\n\t\t\t\t\t\t\t\t<div class=\"elementor-element elementor-element-9dd2be6 elementor-widget elementor-widget-text-editor\" data-id=\"9dd2be6\" data-element_type=\"widget\" data-widget_type=\"text-editor.default\">\n\t\t\t\t<div class=\"elementor-widget-container\">\n\t\t\t\t\t\t\t<p>150 KG<\/p>\t\t\t\t\t\t<\/div>\n\t\t\t\t<\/div>\n\t\t\t\t<div class=\"elementor-element elementor-element-811a0a1 elementor-widget elementor-widget-text-editor\" data-id=\"811a0a1\" data-element_type=\"widget\" data-widget_type=\"text-editor.default\">\n\t\t\t\t<div class=\"elementor-widget-container\">\n\t\t\t\t\t\t\t<p>Poids maximal support\u00e9<\/p>\t\t\t\t\t\t<\/div>\n\t\t\t\t<\/div>\n\t\t\t\t\t<\/div>\n\t\t<\/div>\n\t\t\t\t\t\t\t<\/div>\n\t\t<\/section>\n\t\t\t\t<section class=\"elementor-section elementor-top-section elementor-element elementor-element-0a52534 elementor-section-stretched elementor-section-full_width elementor-section-height-min-height elementor-section-height-default elementor-section-items-middle\" data-id=\"0a52534\" data-element_type=\"section\" data-settings=\"{&quot;stretch_section&quot;:&quot;section-stretched&quot;,&quot;background_background&quot;:&quot;classic&quot;}\">\n\t\t\t\t\t\t<div class=\"elementor-container elementor-column-gap-default\">\n\t\t\t\t\t<div class=\"elementor-column elementor-col-100 elementor-top-column elementor-element elementor-element-cca6a13\" data-id=\"cca6a13\" data-element_type=\"column\">\n\t\t\t<div class=\"elementor-widget-wrap\">\n\t\t\t\t\t\t\t\t\t<\/div>\n\t\t<\/div>\n\t\t\t\t\t\t\t<\/div>\n\t\t<\/section>\n\t\t\t\t<section class=\"elementor-section elementor-top-section elementor-element elementor-element-91a9087 elementor-section-boxed elementor-section-height-default elementor-section-height-default\" data-id=\"91a9087\" data-element_type=\"section\" data-settings=\"{&quot;background_background&quot;:&quot;classic&quot;}\">\n\t\t\t\t\t\t<div class=\"elementor-container elementor-column-gap-default\">\n\t\t\t\t\t<div class=\"elementor-column elementor-col-100 elementor-top-column elementor-element elementor-element-bcbf1cb\" data-id=\"bcbf1cb\" data-element_type=\"column\">\n\t\t\t<div class=\"elementor-widget-wrap elementor-element-populated\">\n\t\t\t\t\t\t\t\t<div class=\"elementor-element elementor-element-dd90ba9 elementor-widget elementor-widget-heading\" data-id=\"dd90ba9\" data-element_type=\"widget\" data-widget_type=\"heading.default\">\n\t\t\t\t<div class=\"elementor-widget-container\">\n\t\t\t<h1 class=\"elementor-heading-title elementor-size-default\">SCOOTER \u00c9LECTRIQUE COBRA<\/h1>\t\t<\/div>\n\t\t\t\t<\/div>\n\t\t\t\t<div class=\"elementor-element elementor-element-6326a97 gallery-spacing-custom elementor-widget elementor-widget-image-gallery\" data-id=\"6326a97\" data-element_type=\"widget\" data-widget_type=\"image-gallery.default\">\n\t\t\t\t<div class=\"elementor-widget-container\">\n\t\t\t\t\t<div class=\"elementor-image-gallery\">\n\t\t\t<div id='gallery-1' class='gallery galleryid-1267 gallery-columns-3 gallery-size-medium_large'><figure class='gallery-item'>\n\t\t\t<div class='gallery-icon landscape'>\n\t\t\t\t<a data-elementor-open-lightbox=\"yes\" data-elementor-lightbox-slideshow=\"6326a97\" data-elementor-lightbox-title=\"Scooter \u00e9lectrique Cobra par KARO\" data-e-action-hash=\"#elementor-action%3Aaction%3Dlightbox%26settings%3DeyJpZCI6MTI3MCwidXJsIjoiaHR0cHM6XC9cL3pvbmVyZWNyZWF0aWYuY29tXC9zY29vdGVyXC93cC1jb250ZW50XC91cGxvYWRzXC9zaXRlc1wvMlwvMjAyNFwvMDZcL3Njb290ZXItZWxlY3RyaXF1ZS1jb2JyYS5qcGciLCJzbGlkZXNob3ciOiI2MzI2YTk3In0%3D\" href='https:\/\/zonerecreatif.com\/scooter\/wp-content\/uploads\/sites\/2\/2024\/06\/scooter-electrique-cobra.jpg'><img width=\"700\" height=\"700\" src=\"https:\/\/zonerecreatif.com\/scooter\/wp-content\/uploads\/sites\/2\/2024\/06\/scooter-electrique-cobra.jpg\" class=\"attachment-medium_large size-medium_large\" alt=\"Scooter \u00e9lectrique Cobra par KARO\" decoding=\"async\" loading=\"lazy\" srcset=\"https:\/\/zonerecreatif.com\/scooter\/wp-content\/uploads\/sites\/2\/2024\/06\/scooter-electrique-cobra.jpg 700w, https:\/\/zonerecreatif.com\/scooter\/wp-content\/uploads\/sites\/2\/2024\/06\/scooter-electrique-cobra-300x300.jpg 300w, https:\/\/zonerecreatif.com\/scooter\/wp-content\/uploads\/sites\/2\/2024\/06\/scooter-electrique-cobra-150x150.jpg 150w\" sizes=\"(max-width: 700px) 100vw, 700px\" \/><\/a>\n\t\t\t<\/div><\/figure><figure class='gallery-item'>\n\t\t\t<div class='gallery-icon landscape'>\n\t\t\t\t<a data-elementor-open-lightbox=\"yes\" data-elementor-lightbox-slideshow=\"6326a97\" data-elementor-lightbox-title=\"scooter-electrique-cobra-1\" data-e-action-hash=\"#elementor-action%3Aaction%3Dlightbox%26settings%3DeyJpZCI6MTI3MSwidXJsIjoiaHR0cHM6XC9cL3pvbmVyZWNyZWF0aWYuY29tXC9zY29vdGVyXC93cC1jb250ZW50XC91cGxvYWRzXC9zaXRlc1wvMlwvMjAyNFwvMDZcL3Njb290ZXItZWxlY3RyaXF1ZS1jb2JyYS0xLmpwZyIsInNsaWRlc2hvdyI6IjYzMjZhOTcifQ%3D%3D\" href='https:\/\/zonerecreatif.com\/scooter\/wp-content\/uploads\/sites\/2\/2024\/06\/scooter-electrique-cobra-1.jpg'><img width=\"700\" height=\"700\" src=\"https:\/\/zonerecreatif.com\/scooter\/wp-content\/uploads\/sites\/2\/2024\/06\/scooter-electrique-cobra-1.jpg\" class=\"attachment-medium_large size-medium_large\" alt=\"\" decoding=\"async\" loading=\"lazy\" srcset=\"https:\/\/zonerecreatif.com\/scooter\/wp-content\/uploads\/sites\/2\/2024\/06\/scooter-electrique-cobra-1.jpg 700w, https:\/\/zonerecreatif.com\/scooter\/wp-content\/uploads\/sites\/2\/2024\/06\/scooter-electrique-cobra-1-300x300.jpg 300w, https:\/\/zonerecreatif.com\/scooter\/wp-content\/uploads\/sites\/2\/2024\/06\/scooter-electrique-cobra-1-150x150.jpg 150w\" sizes=\"(max-width: 700px) 100vw, 700px\" \/><\/a>\n\t\t\t<\/div><\/figure><figure class='gallery-item'>\n\t\t\t<div class='gallery-icon landscape'>\n\t\t\t\t<a data-elementor-open-lightbox=\"yes\" data-elementor-lightbox-slideshow=\"6326a97\" data-elementor-lightbox-title=\"scooter-electrique-cobra-2\" data-e-action-hash=\"#elementor-action%3Aaction%3Dlightbox%26settings%3DeyJpZCI6MTI3MiwidXJsIjoiaHR0cHM6XC9cL3pvbmVyZWNyZWF0aWYuY29tXC9zY29vdGVyXC93cC1jb250ZW50XC91cGxvYWRzXC9zaXRlc1wvMlwvMjAyNFwvMDZcL3Njb290ZXItZWxlY3RyaXF1ZS1jb2JyYS0yLmpwZyIsInNsaWRlc2hvdyI6IjYzMjZhOTcifQ%3D%3D\" href='https:\/\/zonerecreatif.com\/scooter\/wp-content\/uploads\/sites\/2\/2024\/06\/scooter-electrique-cobra-2.jpg'><img width=\"700\" height=\"700\" src=\"https:\/\/zonerecreatif.com\/scooter\/wp-content\/uploads\/sites\/2\/2024\/06\/scooter-electrique-cobra-2.jpg\" class=\"attachment-medium_large size-medium_large\" alt=\"\" decoding=\"async\" loading=\"lazy\" srcset=\"https:\/\/zonerecreatif.com\/scooter\/wp-content\/uploads\/sites\/2\/2024\/06\/scooter-electrique-cobra-2.jpg 700w, https:\/\/zonerecreatif.com\/scooter\/wp-content\/uploads\/sites\/2\/2024\/06\/scooter-electrique-cobra-2-300x300.jpg 300w, https:\/\/zonerecreatif.com\/scooter\/wp-content\/uploads\/sites\/2\/2024\/06\/scooter-electrique-cobra-2-150x150.jpg 150w\" sizes=\"(max-width: 700px) 100vw, 700px\" \/><\/a>\n\t\t\t<\/div><\/figure><figure class='gallery-item'>\n\t\t\t<div class='gallery-icon landscape'>\n\t\t\t\t<a data-elementor-open-lightbox=\"yes\" data-elementor-lightbox-slideshow=\"6326a97\" data-elementor-lightbox-title=\"scooter-electrique-cobra-3\" data-e-action-hash=\"#elementor-action%3Aaction%3Dlightbox%26settings%3DeyJpZCI6MTI3MywidXJsIjoiaHR0cHM6XC9cL3pvbmVyZWNyZWF0aWYuY29tXC9zY29vdGVyXC93cC1jb250ZW50XC91cGxvYWRzXC9zaXRlc1wvMlwvMjAyNFwvMDZcL3Njb290ZXItZWxlY3RyaXF1ZS1jb2JyYS0zLmpwZyIsInNsaWRlc2hvdyI6IjYzMjZhOTcifQ%3D%3D\" href='https:\/\/zonerecreatif.com\/scooter\/wp-content\/uploads\/sites\/2\/2024\/06\/scooter-electrique-cobra-3.jpg'><img width=\"700\" height=\"700\" src=\"https:\/\/zonerecreatif.com\/scooter\/wp-content\/uploads\/sites\/2\/2024\/06\/scooter-electrique-cobra-3.jpg\" class=\"attachment-medium_large size-medium_large\" alt=\"\" decoding=\"async\" loading=\"lazy\" srcset=\"https:\/\/zonerecreatif.com\/scooter\/wp-content\/uploads\/sites\/2\/2024\/06\/scooter-electrique-cobra-3.jpg 700w, https:\/\/zonerecreatif.com\/scooter\/wp-content\/uploads\/sites\/2\/2024\/06\/scooter-electrique-cobra-3-300x300.jpg 300w, https:\/\/zonerecreatif.com\/scooter\/wp-content\/uploads\/sites\/2\/2024\/06\/scooter-electrique-cobra-3-150x150.jpg 150w\" sizes=\"(max-width: 700px) 100vw, 700px\" \/><\/a>\n\t\t\t<\/div><\/figure><figure class='gallery-item'>\n\t\t\t<div class='gallery-icon landscape'>\n\t\t\t\t<a data-elementor-open-lightbox=\"yes\" data-elementor-lightbox-slideshow=\"6326a97\" data-elementor-lightbox-title=\"scooter-electrique-cobra-4\" data-e-action-hash=\"#elementor-action%3Aaction%3Dlightbox%26settings%3DeyJpZCI6MTI3NCwidXJsIjoiaHR0cHM6XC9cL3pvbmVyZWNyZWF0aWYuY29tXC9zY29vdGVyXC93cC1jb250ZW50XC91cGxvYWRzXC9zaXRlc1wvMlwvMjAyNFwvMDZcL3Njb290ZXItZWxlY3RyaXF1ZS1jb2JyYS00LmpwZyIsInNsaWRlc2hvdyI6IjYzMjZhOTcifQ%3D%3D\" href='https:\/\/zonerecreatif.com\/scooter\/wp-content\/uploads\/sites\/2\/2024\/06\/scooter-electrique-cobra-4.jpg'><img width=\"700\" height=\"700\" src=\"https:\/\/zonerecreatif.com\/scooter\/wp-content\/uploads\/sites\/2\/2024\/06\/scooter-electrique-cobra-4.jpg\" class=\"attachment-medium_large size-medium_large\" alt=\"\" decoding=\"async\" loading=\"lazy\" srcset=\"https:\/\/zonerecreatif.com\/scooter\/wp-content\/uploads\/sites\/2\/2024\/06\/scooter-electrique-cobra-4.jpg 700w, https:\/\/zonerecreatif.com\/scooter\/wp-content\/uploads\/sites\/2\/2024\/06\/scooter-electrique-cobra-4-300x300.jpg 300w, https:\/\/zonerecreatif.com\/scooter\/wp-content\/uploads\/sites\/2\/2024\/06\/scooter-electrique-cobra-4-150x150.jpg 150w\" sizes=\"(max-width: 700px) 100vw, 700px\" \/><\/a>\n\t\t\t<\/div><\/figure><figure class='gallery-item'>\n\t\t\t<div class='gallery-icon landscape'>\n\t\t\t\t<a data-elementor-open-lightbox=\"yes\" data-elementor-lightbox-slideshow=\"6326a97\" data-elementor-lightbox-title=\"scooter-electrique-cobra-5\" data-e-action-hash=\"#elementor-action%3Aaction%3Dlightbox%26settings%3DeyJpZCI6MTI3NSwidXJsIjoiaHR0cHM6XC9cL3pvbmVyZWNyZWF0aWYuY29tXC9zY29vdGVyXC93cC1jb250ZW50XC91cGxvYWRzXC9zaXRlc1wvMlwvMjAyNFwvMDZcL3Njb290ZXItZWxlY3RyaXF1ZS1jb2JyYS01LmpwZyIsInNsaWRlc2hvdyI6IjYzMjZhOTcifQ%3D%3D\" href='https:\/\/zonerecreatif.com\/scooter\/wp-content\/uploads\/sites\/2\/2024\/06\/scooter-electrique-cobra-5.jpg'><img width=\"700\" height=\"700\" src=\"https:\/\/zonerecreatif.com\/scooter\/wp-content\/uploads\/sites\/2\/2024\/06\/scooter-electrique-cobra-5.jpg\" class=\"attachment-medium_large size-medium_large\" alt=\"\" decoding=\"async\" loading=\"lazy\" srcset=\"https:\/\/zonerecreatif.com\/scooter\/wp-content\/uploads\/sites\/2\/2024\/06\/scooter-electrique-cobra-5.jpg 700w, https:\/\/zonerecreatif.com\/scooter\/wp-content\/uploads\/sites\/2\/2024\/06\/scooter-electrique-cobra-5-300x300.jpg 300w, https:\/\/zonerecreatif.com\/scooter\/wp-content\/uploads\/sites\/2\/2024\/06\/scooter-electrique-cobra-5-150x150.jpg 150w\" sizes=\"(max-width: 700px) 100vw, 700px\" \/><\/a>\n\t\t\t<\/div><\/figure>\n\t\t<\/div>\n\t\t<\/div>\n\t\t\t\t<\/div>\n\t\t\t\t<\/div>\n\t\t\t\t\t<\/div>\n\t\t<\/div>\n\t\t\t\t\t\t\t<\/div>\n\t\t<\/section>\n\t\t\t\t\t\t\t<\/div>\n\t\t","protected":false},"excerpt":{"rendered":"<p>SCOOTER \u00c9LECTRIQUE COBRA Le scooter \u00e9lectrique Cobra de marque KARO est con\u00e7u pour offrir une exp\u00e9rience de conduite exceptionnelle ! Dot\u00e9 d&rsquo;un moteur puissant de 500w et de batteries performantes, il atteint une vitesse maximale de 54 km\/h et propose une autonomie de 40 \u00e0 60 km. Sa capacit\u00e9 de charge de 330 lb le [&hellip;]<\/p>\n","protected":false},"author":1,"featured_media":0,"parent":0,"menu_order":0,"comment_status":"closed","ping_status":"closed","template":"elementor_header_footer","meta":{"footnotes":""},"_links":{"self":[{"href":"https:\/\/zonerecreatif.com\/scooter\/wp-json\/wp\/v2\/pages\/1267"}],"collection":[{"href":"https:\/\/zonerecreatif.com\/scooter\/wp-json\/wp\/v2\/pages"}],"about":[{"href":"https:\/\/zonerecreatif.com\/scooter\/wp-json\/wp\/v2\/types\/page"}],"author":[{"embeddable":true,"href":"https:\/\/zonerecreatif.com\/scooter\/wp-json\/wp\/v2\/users\/1"}],"replies":[{"embeddable":true,"href":"https:\/\/zonerecreatif.com\/scooter\/wp-json\/wp\/v2\/comments?post=1267"}],"version-history":[{"count":74,"href":"https:\/\/zonerecreatif.com\/scooter\/wp-json\/wp\/v2\/pages\/1267\/revisions"}],"predecessor-version":[{"id":1431,"href":"https:\/\/zonerecreatif.com\/scooter\/wp-json\/wp\/v2\/pages\/1267\/revisions\/1431"}],"wp:attachment":[{"href":"https:\/\/zonerecreatif.com\/scooter\/wp-json\/wp\/v2\/media?parent=1267"}],"curies":[{"name":"wp","href":"https:\/\/api.w.org\/{rel}","templated":true}]}}